{"id":35684,"date":"2023-01-26T10:19:11","date_gmt":"2023-01-26T10:19:11","guid":{"rendered":"https:\/\/www.techbelt.com\/?page_id=35684"},"modified":"2023-01-30T11:36:51","modified_gmt":"2023-01-30T11:36:51","slug":"bloggen","status":"publish","type":"page","link":"https:\/\/www.techbelt.com\/de\/bloggen\/","title":{"rendered":"Bloggen"},"content":{"rendered":"","protected":false},"excerpt":{"rendered":"","protected":false},"author":1,"featured_media":0,"parent":0,"menu_order":0,"comment_status":"closed","ping_status":"closed","template":"elementor_header_footer","meta":{"footnotes":""},"class_list":["post-35684","page","type-page","status-publish","hentry"],"yoast_head":"<!-- This site is optimized with the Yoast SEO Premium plugin v27.5 (Yoast SEO v27.5) - https:\/\/yoast.com\/product\/yoast-seo-premium-wordpress\/ -->\n<title>Bloggen - Besuchen Sie Techbelt f\u00fcr Neuigkeiten, Artikel und Ratschl\u00e4ge<\/title>\n<meta name=\"description\" content=\"Neueste Blog-Beitr\u00e4ge von Techbelt zusammen mit den Produkten und Dienstleistungen, die wir \u00fcber unseren Tech-Blog anbieten. Ausr\u00fcstungsmaterialien und neue Produkte\" \/>\n<meta name=\"robots\" content=\"index, follow, max-snippet:-1, max-image-preview:large, max-video-preview:-1\" \/>\n<link rel=\"canonical\" href=\"https:\/\/www.techbelt.com\/de\/bloggen\/\" \/>\n<meta property=\"og:locale\" content=\"de_DE\" \/>\n<meta property=\"og:type\" content=\"article\" \/>\n<meta property=\"og:title\" content=\"Bloggen\" \/>\n<meta property=\"og:url\" content=\"https:\/\/www.techbelt.com\/de\/bloggen\/\" \/>\n<meta property=\"og:site_name\" content=\"Techbelt | Conveyor Belts | PTFE | Teflon Tape | PTFE Belting\" \/>\n<meta property=\"article:publisher\" content=\"https:\/\/www.facebook.com\/techbeltuk\/\" \/>\n<meta property=\"article:modified_time\" content=\"2023-01-30T11:36:51+00:00\" \/>\n<meta name=\"twitter:card\" content=\"summary_large_image\" \/>\n<meta name=\"twitter:site\" content=\"@techbeltuk\" \/>\n<script type=\"application\/ld+json\" class=\"yoast-schema-graph\">{\"@context\":\"https:\\\/\\\/schema.org\",\"@graph\":[{\"@type\":\"WebPage\",\"@id\":\"https:\\\/\\\/www.techbelt.com\\\/de\\\/bloggen\\\/\",\"url\":\"https:\\\/\\\/www.techbelt.com\\\/de\\\/bloggen\\\/\",\"name\":\"Bloggen - Besuchen Sie Techbelt f\u00fcr Neuigkeiten, Artikel und Ratschl\u00e4ge\",\"isPartOf\":{\"@id\":\"https:\\\/\\\/www.techbelt.com\\\/de\\\/#website\"},\"datePublished\":\"2023-01-26T10:19:11+00:00\",\"dateModified\":\"2023-01-30T11:36:51+00:00\",\"description\":\"Neueste Blog-Beitr\u00e4ge von Techbelt zusammen mit den Produkten und Dienstleistungen, die wir \u00fcber unseren Tech-Blog anbieten. Ausr\u00fcstungsmaterialien und neue Produkte\",\"breadcrumb\":{\"@id\":\"https:\\\/\\\/www.techbelt.com\\\/de\\\/bloggen\\\/#breadcrumb\"},\"inLanguage\":\"de\",\"potentialAction\":[{\"@type\":\"ReadAction\",\"target\":[\"https:\\\/\\\/www.techbelt.com\\\/de\\\/bloggen\\\/\"]}]},{\"@type\":\"BreadcrumbList\",\"@id\":\"https:\\\/\\\/www.techbelt.com\\\/de\\\/bloggen\\\/#breadcrumb\",\"itemListElement\":[{\"@type\":\"ListItem\",\"position\":1,\"name\":\"Home\",\"item\":\"https:\\\/\\\/www.techbelt.com\\\/de\\\/\"},{\"@type\":\"ListItem\",\"position\":2,\"name\":\"Bloggen\"}]},{\"@type\":\"WebSite\",\"@id\":\"https:\\\/\\\/www.techbelt.com\\\/de\\\/#website\",\"url\":\"https:\\\/\\\/www.techbelt.com\\\/de\\\/\",\"name\":\"Techbelt | Conveyor Belts | PTFE | Teflon Tape | PTFE Belting\",\"description\":\"Conveyor Belts - Global Manufacturer - Worldwide Shipping\",\"publisher\":{\"@id\":\"https:\\\/\\\/www.techbelt.com\\\/de\\\/#organization\"},\"potentialAction\":[{\"@type\":\"SearchAction\",\"target\":{\"@type\":\"EntryPoint\",\"urlTemplate\":\"https:\\\/\\\/www.techbelt.com\\\/de\\\/?s={search_term_string}\"},\"query-input\":{\"@type\":\"PropertyValueSpecification\",\"valueRequired\":true,\"valueName\":\"search_term_string\"}}],\"inLanguage\":\"de\"},{\"@type\":\"Organization\",\"@id\":\"https:\\\/\\\/www.techbelt.com\\\/de\\\/#organization\",\"name\":\"Techbelt Ltd\",\"alternateName\":\"Techbelt\",\"url\":\"https:\\\/\\\/www.techbelt.com\\\/de\\\/\",\"logo\":{\"@type\":\"ImageObject\",\"inLanguage\":\"de\",\"@id\":\"https:\\\/\\\/www.techbelt.com\\\/de\\\/#\\\/schema\\\/logo\\\/image\\\/\",\"url\":\"https:\\\/\\\/www.techbelt.com\\\/wp-content\\\/uploads\\\/2019\\\/05\\\/techbelt-icon.png\",\"contentUrl\":\"https:\\\/\\\/www.techbelt.com\\\/wp-content\\\/uploads\\\/2019\\\/05\\\/techbelt-icon.png\",\"width\":512,\"height\":512,\"caption\":\"Techbelt Ltd\"},\"image\":{\"@id\":\"https:\\\/\\\/www.techbelt.com\\\/de\\\/#\\\/schema\\\/logo\\\/image\\\/\"},\"sameAs\":[\"https:\\\/\\\/www.facebook.com\\\/techbeltuk\\\/\",\"https:\\\/\\\/x.com\\\/techbeltuk\",\"https:\\\/\\\/mastodon.social\\\/@techbelt\",\"https:\\\/\\\/www.instagram.com\\\/techbeltuk\\\/?hl=en\",\"https:\\\/\\\/www.linkedin.com\\\/company\\\/techbelt\\\/\",\"https:\\\/\\\/www.youtube.com\\\/channel\\\/UCLM7Z91fT9w3_CskdVYrtYQ\"],\"description\":\"Our core focus remains on delivering high-quality conveying solutions, supported by an extended range of conveyor belting options to meet broader application requirements. We are committed to ensuring our customers receive exactly what they need, quickly and efficiently. Delays in responses or extended lead times can cause unnecessary disruption, which is why we have structured our operations to provide a reliable and responsive service. The positive feedback we receive continues to drive us to improve, allowing us to deliver high-level technical solutions across PTFE tapes and belting, alongside PU, PVC, modular systems & baler belts to support a wide and varied customer base.\",\"email\":\"sales@techbelt.com\",\"telephone\":\"+44(0) 1422 366 386\",\"legalName\":\"Techbelt Ltd\",\"foundingDate\":\"2002-05-08\",\"vatID\":\"796680368\",\"taxID\":\"4433656\",\"numberOfEmployees\":{\"@type\":\"QuantitativeValue\",\"minValue\":\"11\",\"maxValue\":\"50\"}}]}<\/script>\n<!-- \/ Yoast SEO Premium plugin. -->","yoast_head_json":{"title":"Bloggen - Besuchen Sie Techbelt f\u00fcr Neuigkeiten, Artikel und Ratschl\u00e4ge","description":"Neueste Blog-Beitr\u00e4ge von Techbelt zusammen mit den Produkten und Dienstleistungen, die wir \u00fcber unseren Tech-Blog anbieten. Ausr\u00fcstungsmaterialien und neue Produkte","robots":{"index":"index","follow":"follow","max-snippet":"max-snippet:-1","max-image-preview":"max-image-preview:large","max-video-preview":"max-video-preview:-1"},"canonical":"https:\/\/www.techbelt.com\/de\/bloggen\/","og_locale":"de_DE","og_type":"article","og_title":"Bloggen","og_url":"https:\/\/www.techbelt.com\/de\/bloggen\/","og_site_name":"Techbelt | Conveyor Belts | PTFE | Teflon Tape | PTFE Belting","article_publisher":"https:\/\/www.facebook.com\/techbeltuk\/","article_modified_time":"2023-01-30T11:36:51+00:00","twitter_card":"summary_large_image","twitter_site":"@techbeltuk","schema":{"@context":"https:\/\/schema.org","@graph":[{"@type":"WebPage","@id":"https:\/\/www.techbelt.com\/de\/bloggen\/","url":"https:\/\/www.techbelt.com\/de\/bloggen\/","name":"Bloggen - Besuchen Sie Techbelt f\u00fcr Neuigkeiten, Artikel und Ratschl\u00e4ge","isPartOf":{"@id":"https:\/\/www.techbelt.com\/de\/#website"},"datePublished":"2023-01-26T10:19:11+00:00","dateModified":"2023-01-30T11:36:51+00:00","description":"Neueste Blog-Beitr\u00e4ge von Techbelt zusammen mit den Produkten und Dienstleistungen, die wir \u00fcber unseren Tech-Blog anbieten. Ausr\u00fcstungsmaterialien und neue Produkte","breadcrumb":{"@id":"https:\/\/www.techbelt.com\/de\/bloggen\/#breadcrumb"},"inLanguage":"de","potentialAction":[{"@type":"ReadAction","target":["https:\/\/www.techbelt.com\/de\/bloggen\/"]}]},{"@type":"BreadcrumbList","@id":"https:\/\/www.techbelt.com\/de\/bloggen\/#breadcrumb","itemListElement":[{"@type":"ListItem","position":1,"name":"Home","item":"https:\/\/www.techbelt.com\/de\/"},{"@type":"ListItem","position":2,"name":"Bloggen"}]},{"@type":"WebSite","@id":"https:\/\/www.techbelt.com\/de\/#website","url":"https:\/\/www.techbelt.com\/de\/","name":"Techbelt | Conveyor Belts | PTFE | Teflon Tape | PTFE Belting","description":"Conveyor Belts - Global Manufacturer - Worldwide Shipping","publisher":{"@id":"https:\/\/www.techbelt.com\/de\/#organization"},"potentialAction":[{"@type":"SearchAction","target":{"@type":"EntryPoint","urlTemplate":"https:\/\/www.techbelt.com\/de\/?s={search_term_string}"},"query-input":{"@type":"PropertyValueSpecification","valueRequired":true,"valueName":"search_term_string"}}],"inLanguage":"de"},{"@type":"Organization","@id":"https:\/\/www.techbelt.com\/de\/#organization","name":"Techbelt Ltd","alternateName":"Techbelt","url":"https:\/\/www.techbelt.com\/de\/","logo":{"@type":"ImageObject","inLanguage":"de","@id":"https:\/\/www.techbelt.com\/de\/#\/schema\/logo\/image\/","url":"https:\/\/www.techbelt.com\/wp-content\/uploads\/2019\/05\/techbelt-icon.png","contentUrl":"https:\/\/www.techbelt.com\/wp-content\/uploads\/2019\/05\/techbelt-icon.png","width":512,"height":512,"caption":"Techbelt Ltd"},"image":{"@id":"https:\/\/www.techbelt.com\/de\/#\/schema\/logo\/image\/"},"sameAs":["https:\/\/www.facebook.com\/techbeltuk\/","https:\/\/x.com\/techbeltuk","https:\/\/mastodon.social\/@techbelt","https:\/\/www.instagram.com\/techbeltuk\/?hl=en","https:\/\/www.linkedin.com\/company\/techbelt\/","https:\/\/www.youtube.com\/channel\/UCLM7Z91fT9w3_CskdVYrtYQ"],"description":"Our core focus remains on delivering high-quality conveying solutions, supported by an extended range of conveyor belting options to meet broader application requirements. We are committed to ensuring our customers receive exactly what they need, quickly and efficiently. Delays in responses or extended lead times can cause unnecessary disruption, which is why we have structured our operations to provide a reliable and responsive service. The positive feedback we receive continues to drive us to improve, allowing us to deliver high-level technical solutions across PTFE tapes and belting, alongside PU, PVC, modular systems & baler belts to support a wide and varied customer base.","email":"sales@techbelt.com","telephone":"+44(0) 1422 366 386","legalName":"Techbelt Ltd","foundingDate":"2002-05-08","vatID":"796680368","taxID":"4433656","numberOfEmployees":{"@type":"QuantitativeValue","minValue":"11","maxValue":"50"}}]}},"_links":{"self":[{"href":"https:\/\/www.techbelt.com\/de\/wp-json\/wp\/v2\/pages\/35684","targetHints":{"allow":["GET"]}}],"collection":[{"href":"https:\/\/www.techbelt.com\/de\/wp-json\/wp\/v2\/pages"}],"about":[{"href":"https:\/\/www.techbelt.com\/de\/wp-json\/wp\/v2\/types\/page"}],"author":[{"embeddable":true,"href":"https:\/\/www.techbelt.com\/de\/wp-json\/wp\/v2\/users\/1"}],"replies":[{"embeddable":true,"href":"https:\/\/www.techbelt.com\/de\/wp-json\/wp\/v2\/comments?post=35684"}],"version-history":[{"count":1,"href":"https:\/\/www.techbelt.com\/de\/wp-json\/wp\/v2\/pages\/35684\/revisions"}],"predecessor-version":[{"id":35687,"href":"https:\/\/www.techbelt.com\/de\/wp-json\/wp\/v2\/pages\/35684\/revisions\/35687"}],"wp:attachment":[{"href":"https:\/\/www.techbelt.com\/de\/wp-json\/wp\/v2\/media?parent=35684"}],"curies":[{"name":"wp","href":"https:\/\/api.w.org\/{rel}","templated":true}]}}