{"id":36043,"date":"2023-04-18T11:42:17","date_gmt":"2023-04-18T10:42:17","guid":{"rendered":"https:\/\/www.techbelt.com\/?page_id=36043"},"modified":"2023-04-18T12:09:45","modified_gmt":"2023-04-18T11:09:45","slug":"fda-konforme-bander-in-der-lebensmittelindustrie","status":"publish","type":"page","link":"https:\/\/www.techbelt.com\/de\/fda-konforme-bander-in-der-lebensmittelindustrie\/","title":{"rendered":"FDA-konforme B\u00e4nder in der Lebensmittelindustrie"},"content":{"rendered":"\t\t<div data-elementor-type=\"wp-page\" data-elementor-id=\"36043\" class=\"elementor elementor-36043\" data-elementor-post-type=\"page\">\n\t\t\t\t\t\t<section class=\"elementor-section elementor-top-section elementor-element elementor-element-1010a17e elementor-section-boxed elementor-section-height-default elementor-section-height-default\" data-id=\"1010a17e\" data-element_type=\"section\" data-e-type=\"section\">\n\t\t\t\t\t\t<div class=\"elementor-container elementor-column-gap-default\">\n\t\t\t\t\t<div class=\"elementor-column elementor-col-100 elementor-top-column elementor-element elementor-element-4b5fb1f\" data-id=\"4b5fb1f\" data-element_type=\"column\" data-e-type=\"column\" data-settings=\"{&quot;background_background&quot;:&quot;classic&quot;}\">\n\t\t\t<div class=\"elementor-widget-wrap elementor-element-populated\">\n\t\t\t\t\t\t<section class=\"elementor-section elementor-inner-section elementor-element elementor-element-fda2f90 elementor-section-boxed elementor-section-height-default elementor-section-height-default\" data-id=\"fda2f90\" data-element_type=\"section\" data-e-type=\"section\">\n\t\t\t\t\t\t<div class=\"elementor-container elementor-column-gap-default\">\n\t\t\t\t\t<div class=\"elementor-column elementor-col-50 elementor-inner-column elementor-element elementor-element-94fa9c4\" data-id=\"94fa9c4\" data-element_type=\"column\" data-e-type=\"column\">\n\t\t\t<div class=\"elementor-widget-wrap elementor-element-populated\">\n\t\t\t\t\t\t<div class=\"elementor-element elementor-element-7a17702 elementor-widget elementor-widget-heading\" data-id=\"7a17702\" data-element_type=\"widget\" data-e-type=\"widget\" data-widget_type=\"heading.default\">\n\t\t\t\t<div class=\"elementor-widget-container\">\n\t\t\t\t\t<h1 class=\"elementor-heading-title elementor-size-default\">FDA-konforme B\u00e4nder in der Lebensmittelindustrie<\/h1>\t\t\t\t<\/div>\n\t\t\t\t<\/div>\n\t\t\t\t<div class=\"elementor-element elementor-element-3aef99a elementor-widget elementor-widget-video\" data-id=\"3aef99a\" data-element_type=\"widget\" data-e-type=\"widget\" data-settings=\"{&quot;youtube_url&quot;:&quot;https:\\\/\\\/www.youtube.com\\\/watch?v=0MNcA7FDoDM&quot;,&quot;show_image_overlay&quot;:&quot;yes&quot;,&quot;image_overlay&quot;:{&quot;url&quot;:&quot;https:\\\/\\\/www.techbelt.com\\\/wp-content\\\/uploads\\\/2023\\\/04\\\/IMG_13681-scaled-1.jpg&quot;,&quot;id&quot;:36047,&quot;size&quot;:&quot;&quot;},&quot;video_type&quot;:&quot;youtube&quot;,&quot;controls&quot;:&quot;yes&quot;}\" data-widget_type=\"video.default\">\n\t\t\t\t<div class=\"elementor-widget-container\">\n\t\t\t\t\t\t\t<div class=\"elementor-wrapper elementor-open-inline\">\n\t\t\t<div class=\"elementor-video\"><\/div>\t\t\t\t<div class=\"elementor-custom-embed-image-overlay\" style=\"background-image: url(https:\/\/www.techbelt.com\/wp-content\/uploads\/2023\/04\/IMG_13681-scaled-1.jpg);\">\n\t\t\t\t\t\t\t\t\t\t\t\t\t\t\t\t<div class=\"elementor-custom-embed-play\" role=\"button\" aria-label=\"Video abspielen\" tabindex=\"0\">\n\t\t\t\t\t\t\t<i aria-hidden=\"true\" class=\"eicon-play\"><\/i>\t\t\t\t\t\t<\/div>\n\t\t\t\t\t\t\t\t\t<\/div>\n\t\t\t\t\t<\/div>\n\t\t\t\t\t\t<\/div>\n\t\t\t\t<\/div>\n\t\t\t\t<div class=\"elementor-element elementor-element-0ec7a69 elementor-widget elementor-widget-text-editor\" data-id=\"0ec7a69\" data-element_type=\"widget\" data-e-type=\"widget\" data-widget_type=\"text-editor.default\">\n\t\t\t\t<div class=\"elementor-widget-container\">\n\t\t\t\t\t\t\t\t\t<p style=\"--tw-border-spacing-x: 0; --tw-border-spacing-y: 0; --tw-translate-x: 0; --tw-translate-y: 0; --tw-rotate: 0; --tw-skew-x: 0; --tw-skew-y: 0; --tw-scale-x: 1; --tw-scale-y: 1; --tw-scroll-snap-strictness: proximity; --tw-ring-offset-width: 0px; --tw-ring-offset-color: #fff; --tw-ring-color: rgb(59 130 246 \/ 0.5); --tw-ring-offset-shadow: 0 0 #0000; --tw-ring-shadow: 0 0 #0000; --tw-shadow: 0 0 #0000; --tw-shadow-colored: 0 0 #0000; font-size: 17.6px; text-align: start; background-color: #fcfcfc;\">um die Verbraucher zu sch\u00fctzen und den Ruf des Unternehmens zu sch\u00fctzen. FDA-konforme B\u00e4nder gew\u00e4hrleisten einen sicheren und hygienischen Transport von Lebensmitteln, helfen Unternehmen bei der Einhaltung von Vorschriften, sind langfristig kosteng\u00fcnstiger und k\u00f6nnen f\u00fcr eine Vielzahl von Anwendungen in der Lebensmittelverarbeitung eingesetzt werden. Daher sollten Lebensmittelverarbeitungsbetriebe sicherstellen, dass sie FDA-konforme B\u00e4nder verwenden, um ihre Produkte und Verbraucher zu sch\u00fctzen.<\/p><p>\u00a0<\/p><p><a href=\"https:\/\/www.techbelt.com\/wp-content\/uploads\/2020\/04\/Food-Processing-Belt-With-Burger.jpg\"><img fetchpriority=\"high\" decoding=\"async\" class=\" wp-image-20891\" src=\"https:\/\/www.techbelt.com\/wp-content\/uploads\/2020\/04\/Food-Processing-Belt-With-Burger-300x200.jpg\" alt=\"FDA Food Grade belts\" width=\"521\" height=\"347\" srcset=\"https:\/\/www.techbelt.com\/wp-content\/uploads\/2020\/04\/Food-Processing-Belt-With-Burger-300x200.jpg 300w, https:\/\/www.techbelt.com\/wp-content\/uploads\/2020\/04\/Food-Processing-Belt-With-Burger-1024x682.jpg 1024w, https:\/\/www.techbelt.com\/wp-content\/uploads\/2020\/04\/Food-Processing-Belt-With-Burger-768x512.jpg 768w, https:\/\/www.techbelt.com\/wp-content\/uploads\/2020\/04\/Food-Processing-Belt-With-Burger-1536x1024.jpg 1536w, https:\/\/www.techbelt.com\/wp-content\/uploads\/2020\/04\/Food-Processing-Belt-With-Burger-457x305.jpg 457w, https:\/\/www.techbelt.com\/wp-content\/uploads\/2020\/04\/Food-Processing-Belt-With-Burger.jpg 2000w\" sizes=\"(max-width: 521px) 100vw, 521px\" \/><\/a><\/p><h5>Kontaktieren Sie unser Team noch heute unter sales@techbelt.com oder rufen Sie uns unter 01422 366386 an.\u00a0<\/h5>\t\t\t\t\t\t\t\t<\/div>\n\t\t\t\t<\/div>\n\t\t\t\t\t<\/div>\n\t\t<\/div>\n\t\t\t\t<div class=\"elementor-column elementor-col-50 elementor-inner-column elementor-element elementor-element-564434c\" data-id=\"564434c\" data-element_type=\"column\" data-e-type=\"column\">\n\t\t\t<div class=\"elementor-widget-wrap elementor-element-populated\">\n\t\t\t\t\t\t<div class=\"elementor-element elementor-element-cc39852 elementor-widget elementor-widget-spacer\" data-id=\"cc39852\" data-element_type=\"widget\" data-e-type=\"widget\" data-widget_type=\"spacer.default\">\n\t\t\t\t<div class=\"elementor-widget-container\">\n\t\t\t\t\t\t\t<div class=\"elementor-spacer\">\n\t\t\t<div class=\"elementor-spacer-inner\"><\/div>\n\t\t<\/div>\n\t\t\t\t\t\t<\/div>\n\t\t\t\t<\/div>\n\t\t\t\t<div class=\"elementor-element elementor-element-d2029e9 elementor-hidden-phone elementor-widget-divider--view-line elementor-widget elementor-widget-divider\" data-id=\"d2029e9\" data-element_type=\"widget\" data-e-type=\"widget\" data-widget_type=\"divider.default\">\n\t\t\t\t<div class=\"elementor-widget-container\">\n\t\t\t\t\t\t\t<div class=\"elementor-divider\">\n\t\t\t<span class=\"elementor-divider-separator\">\n\t\t\t\t\t\t<\/span>\n\t\t<\/div>\n\t\t\t\t\t\t<\/div>\n\t\t\t\t<\/div>\n\t\t\t\t<div class=\"elementor-element elementor-element-05e07a3 elementor-grid-mobile-1 elementor-share-buttons--shape-rounded elementor-share-buttons--skin-flat elementor-share-buttons--view-icon-text elementor-grid-0 elementor-share-buttons--color-official elementor-widget elementor-widget-share-buttons\" data-id=\"05e07a3\" data-element_type=\"widget\" data-e-type=\"widget\" data-widget_type=\"share-buttons.default\">\n\t\t\t\t<div class=\"elementor-widget-container\">\n\t\t\t\t\t\t\t<div class=\"elementor-grid\" role=\"list\">\n\t\t\t\t\t\t\t\t<div class=\"elementor-grid-item\" role=\"listitem\">\n\t\t\t\t\t\t<div class=\"elementor-share-btn elementor-share-btn_linkedin\" role=\"button\" tabindex=\"0\" aria-label=\"Teilen auf linkedin\">\n\t\t\t\t\t\t\t\t\t\t\t\t\t\t\t<span class=\"elementor-share-btn__icon\">\n\t\t\t\t\t\t\t\t<i class=\"fab fa-linkedin\" aria-hidden=\"true\"><\/i>\t\t\t\t\t\t\t<\/span>\n\t\t\t\t\t\t\t\t\t\t\t\t\t\t\t\t\t\t\t\t\t\t<div class=\"elementor-share-btn__text\">\n\t\t\t\t\t\t\t\t\t\t\t\t\t\t\t\t\t\t\t<span class=\"elementor-share-btn__title\">\n\t\t\t\t\t\t\t\t\t\tLinkedIn\t\t\t\t\t\t\t\t\t<\/span>\n\t\t\t\t\t\t\t\t\t\t\t\t\t\t\t\t\t<\/div>\n\t\t\t\t\t\t\t\t\t\t\t\t\t<\/div>\n\t\t\t\t\t<\/div>\n\t\t\t\t\t\t\t\t\t<div class=\"elementor-grid-item\" role=\"listitem\">\n\t\t\t\t\t\t<div class=\"elementor-share-btn elementor-share-btn_facebook\" role=\"button\" tabindex=\"0\" aria-label=\"Teilen auf facebook\">\n\t\t\t\t\t\t\t\t\t\t\t\t\t\t\t<span class=\"elementor-share-btn__icon\">\n\t\t\t\t\t\t\t\t<i class=\"fab fa-facebook\" aria-hidden=\"true\"><\/i>\t\t\t\t\t\t\t<\/span>\n\t\t\t\t\t\t\t\t\t\t\t\t\t\t\t\t\t\t\t\t\t\t<div class=\"elementor-share-btn__text\">\n\t\t\t\t\t\t\t\t\t\t\t\t\t\t\t\t\t\t\t<span class=\"elementor-share-btn__title\">\n\t\t\t\t\t\t\t\t\t\tFacebook\t\t\t\t\t\t\t\t\t<\/span>\n\t\t\t\t\t\t\t\t\t\t\t\t\t\t\t\t\t<\/div>\n\t\t\t\t\t\t\t\t\t\t\t\t\t<\/div>\n\t\t\t\t\t<\/div>\n\t\t\t\t\t\t\t\t\t<div class=\"elementor-grid-item\" role=\"listitem\">\n\t\t\t\t\t\t<div class=\"elementor-share-btn elementor-share-btn_email\" role=\"button\" tabindex=\"0\" aria-label=\"Teilen auf email\">\n\t\t\t\t\t\t\t\t\t\t\t\t\t\t\t<span class=\"elementor-share-btn__icon\">\n\t\t\t\t\t\t\t\t<i class=\"fas fa-envelope\" aria-hidden=\"true\"><\/i>\t\t\t\t\t\t\t<\/span>\n\t\t\t\t\t\t\t\t\t\t\t\t\t\t\t\t\t\t\t\t\t\t<div class=\"elementor-share-btn__text\">\n\t\t\t\t\t\t\t\t\t\t\t\t\t\t\t\t\t\t\t<span class=\"elementor-share-btn__title\">\n\t\t\t\t\t\t\t\t\t\tEmail\t\t\t\t\t\t\t\t\t<\/span>\n\t\t\t\t\t\t\t\t\t\t\t\t\t\t\t\t\t<\/div>\n\t\t\t\t\t\t\t\t\t\t\t\t\t<\/div>\n\t\t\t\t\t<\/div>\n\t\t\t\t\t\t\t\t\t<div class=\"elementor-grid-item\" role=\"listitem\">\n\t\t\t\t\t\t<div class=\"elementor-share-btn elementor-share-btn_twitter\" role=\"button\" tabindex=\"0\" aria-label=\"Teilen auf twitter\">\n\t\t\t\t\t\t\t\t\t\t\t\t\t\t\t<span class=\"elementor-share-btn__icon\">\n\t\t\t\t\t\t\t\t<i class=\"fab fa-twitter\" aria-hidden=\"true\"><\/i>\t\t\t\t\t\t\t<\/span>\n\t\t\t\t\t\t\t\t\t\t\t\t\t\t\t\t\t\t\t\t\t\t<div class=\"elementor-share-btn__text\">\n\t\t\t\t\t\t\t\t\t\t\t\t\t\t\t\t\t\t\t<span class=\"elementor-share-btn__title\">\n\t\t\t\t\t\t\t\t\t\tTwitter\t\t\t\t\t\t\t\t\t<\/span>\n\t\t\t\t\t\t\t\t\t\t\t\t\t\t\t\t\t<\/div>\n\t\t\t\t\t\t\t\t\t\t\t\t\t<\/div>\n\t\t\t\t\t<\/div>\n\t\t\t\t\t\t\t\t\t<div class=\"elementor-grid-item\" role=\"listitem\">\n\t\t\t\t\t\t<div class=\"elementor-share-btn elementor-share-btn_whatsapp\" role=\"button\" tabindex=\"0\" aria-label=\"Teilen auf whatsapp\">\n\t\t\t\t\t\t\t\t\t\t\t\t\t\t\t<span class=\"elementor-share-btn__icon\">\n\t\t\t\t\t\t\t\t<i class=\"fab fa-whatsapp\" aria-hidden=\"true\"><\/i>\t\t\t\t\t\t\t<\/span>\n\t\t\t\t\t\t\t\t\t\t\t\t\t\t\t\t\t\t\t\t\t\t<div class=\"elementor-share-btn__text\">\n\t\t\t\t\t\t\t\t\t\t\t\t\t\t\t\t\t\t\t<span class=\"elementor-share-btn__title\">\n\t\t\t\t\t\t\t\t\t\tWhatsApp\t\t\t\t\t\t\t\t\t<\/span>\n\t\t\t\t\t\t\t\t\t\t\t\t\t\t\t\t\t<\/div>\n\t\t\t\t\t\t\t\t\t\t\t\t\t<\/div>\n\t\t\t\t\t<\/div>\n\t\t\t\t\t\t<\/div>\n\t\t\t\t\t\t<\/div>\n\t\t\t\t<\/div>\n\t\t\t\t<div class=\"elementor-element elementor-element-5a1d991 elementor-hidden-phone elementor-widget-divider--view-line elementor-widget elementor-widget-divider\" data-id=\"5a1d991\" data-element_type=\"widget\" data-e-type=\"widget\" data-widget_type=\"divider.default\">\n\t\t\t\t<div class=\"elementor-widget-container\">\n\t\t\t\t\t\t\t<div class=\"elementor-divider\">\n\t\t\t<span class=\"elementor-divider-separator\">\n\t\t\t\t\t\t<\/span>\n\t\t<\/div>\n\t\t\t\t\t\t<\/div>\n\t\t\t\t<\/div>\n\t\t\t\t<div class=\"elementor-element elementor-element-5cb7f60 elementor-view-default elementor-position-block-start elementor-mobile-position-block-start elementor-widget elementor-widget-icon-box\" data-id=\"5cb7f60\" data-element_type=\"widget\" data-e-type=\"widget\" data-widget_type=\"icon-box.default\">\n\t\t\t\t<div class=\"elementor-widget-container\">\n\t\t\t\t\t\t\t<div class=\"elementor-icon-box-wrapper\">\n\n\t\t\t\t\t\t<div class=\"elementor-icon-box-icon\">\n\t\t\t\t<a href=\"https:\/\/www.techbelt.com\/shipping\/\" class=\"elementor-icon\" tabindex=\"-1\" aria-label=\"Weltweiter Versand\">\n\t\t\t\t<i aria-hidden=\"true\" class=\"fab fa-ups\"><\/i>\t\t\t\t<\/a>\n\t\t\t<\/div>\n\t\t\t\n\t\t\t\t\t\t<div class=\"elementor-icon-box-content\">\n\n\t\t\t\t\t\t\t\t\t<h1 class=\"elementor-icon-box-title\">\n\t\t\t\t\t\t<a href=\"https:\/\/www.techbelt.com\/shipping\/\" >\n\t\t\t\t\t\t\tWeltweiter Versand\t\t\t\t\t\t<\/a>\n\t\t\t\t\t<\/h1>\n\t\t\t\t\n\t\t\t\t\t\t\t\t\t<p class=\"elementor-icon-box-description\">\n\t\t\t\t\t\tFinde mehr heraus\t\t\t\t\t<\/p>\n\t\t\t\t\n\t\t\t<\/div>\n\t\t\t\n\t\t<\/div>\n\t\t\t\t\t\t<\/div>\n\t\t\t\t<\/div>\n\t\t\t\t\t<\/div>\n\t\t<\/div>\n\t\t\t\t\t<\/div>\n\t\t<\/section>\n\t\t\t\t\t<\/div>\n\t\t<\/div>\n\t\t\t\t\t<\/div>\n\t\t<\/section>\n\t\t\t\t<\/div>\n\t\t","protected":false},"excerpt":{"rendered":"<p>FDA-konforme B\u00e4nder in der Lebensmittelindustrie um die Verbraucher zu sch\u00fctzen und den Ruf des Unternehmens zu sch\u00fctzen. FDA-konforme B\u00e4nder gew\u00e4hrleisten einen sicheren und hygienischen Transport von Lebensmitteln, helfen Unternehmen bei der Einhaltung von Vorschriften, sind langfristig kosteng\u00fcnstiger und k\u00f6nnen f\u00fcr eine Vielzahl von Anwendungen in der Lebensmittelverarbeitung eingesetzt werden. Daher sollten Lebensmittelverarbeitungsbetriebe sicherstellen, dass sie [&hellip;]<\/p>\n","protected":false},"author":1,"featured_media":0,"parent":0,"menu_order":0,"comment_status":"closed","ping_status":"closed","template":"elementor_header_footer","meta":{"footnotes":""},"class_list":["post-36043","page","type-page","status-publish","hentry"],"yoast_head":"<!-- This site is optimized with the Yoast SEO Premium plugin v27.4 (Yoast SEO v27.4) - https:\/\/yoast.com\/product\/yoast-seo-premium-wordpress\/ -->\n<title>FDA-konforme B\u00e4nder in der Lebensmittelindustrie<\/title>\n<meta name=\"description\" content=\"%\" \/>\n<meta name=\"robots\" content=\"index, follow, max-snippet:-1, max-image-preview:large, max-video-preview:-1\" \/>\n<link rel=\"canonical\" href=\"https:\/\/www.techbelt.com\/de\/fda-konforme-bander-in-der-lebensmittelindustrie\/\" \/>\n<meta property=\"og:locale\" content=\"de_DE\" \/>\n<meta property=\"og:type\" content=\"article\" \/>\n<meta property=\"og:title\" content=\"FDA-konforme B\u00e4nder in der Lebensmittelindustrie\" \/>\n<meta property=\"og:description\" content=\"FDA-konforme B\u00e4nder in der Lebensmittelindustrie um die Verbraucher zu sch\u00fctzen und den Ruf des Unternehmens zu sch\u00fctzen. FDA-konforme B\u00e4nder\" \/>\n<meta property=\"og:url\" content=\"https:\/\/www.techbelt.com\/de\/fda-konforme-bander-in-der-lebensmittelindustrie\/\" \/>\n<meta property=\"og:site_name\" content=\"Techbelt | Conveyor Belts | PTFE | Teflon Tape | PTFE Belting\" \/>\n<meta property=\"article:publisher\" content=\"https:\/\/www.facebook.com\/techbeltuk\/\" \/>\n<meta property=\"article:modified_time\" content=\"2023-04-18T11:09:45+00:00\" \/>\n<meta property=\"og:image\" content=\"https:\/\/www.techbelt.com\/wp-content\/uploads\/2020\/04\/Food-Processing-Belt-With-Burger-300x200.jpg\" \/>\n<meta name=\"twitter:card\" content=\"summary_large_image\" \/>\n<meta name=\"twitter:site\" content=\"@techbeltuk\" \/>\n<meta name=\"twitter:label1\" content=\"Gesch\u00e4tzte Lesezeit\" \/>\n\t<meta name=\"twitter:data1\" content=\"1\u00a0Minute\" \/>\n<script type=\"application\/ld+json\" class=\"yoast-schema-graph\">{\"@context\":\"https:\\\/\\\/schema.org\",\"@graph\":[{\"@type\":\"WebPage\",\"@id\":\"https:\\\/\\\/www.techbelt.com\\\/de\\\/fda-konforme-bander-in-der-lebensmittelindustrie\\\/\",\"url\":\"https:\\\/\\\/www.techbelt.com\\\/de\\\/fda-konforme-bander-in-der-lebensmittelindustrie\\\/\",\"name\":\"FDA-konforme B\u00e4nder in der Lebensmittelindustrie\",\"isPartOf\":{\"@id\":\"https:\\\/\\\/www.techbelt.com\\\/de\\\/#website\"},\"primaryImageOfPage\":{\"@id\":\"https:\\\/\\\/www.techbelt.com\\\/de\\\/fda-konforme-bander-in-der-lebensmittelindustrie\\\/#primaryimage\"},\"image\":{\"@id\":\"https:\\\/\\\/www.techbelt.com\\\/de\\\/fda-konforme-bander-in-der-lebensmittelindustrie\\\/#primaryimage\"},\"thumbnailUrl\":\"https:\\\/\\\/www.techbelt.com\\\/wp-content\\\/uploads\\\/2020\\\/04\\\/Food-Processing-Belt-With-Burger-300x200.jpg\",\"datePublished\":\"2023-04-18T10:42:17+00:00\",\"dateModified\":\"2023-04-18T11:09:45+00:00\",\"description\":\"%\",\"breadcrumb\":{\"@id\":\"https:\\\/\\\/www.techbelt.com\\\/de\\\/fda-konforme-bander-in-der-lebensmittelindustrie\\\/#breadcrumb\"},\"inLanguage\":\"de\",\"potentialAction\":[{\"@type\":\"ReadAction\",\"target\":[\"https:\\\/\\\/www.techbelt.com\\\/de\\\/fda-konforme-bander-in-der-lebensmittelindustrie\\\/\"]}]},{\"@type\":\"ImageObject\",\"inLanguage\":\"de\",\"@id\":\"https:\\\/\\\/www.techbelt.com\\\/de\\\/fda-konforme-bander-in-der-lebensmittelindustrie\\\/#primaryimage\",\"url\":\"https:\\\/\\\/www.techbelt.com\\\/wp-content\\\/uploads\\\/2020\\\/04\\\/Food-Processing-Belt-With-Burger-300x200.jpg\",\"contentUrl\":\"https:\\\/\\\/www.techbelt.com\\\/wp-content\\\/uploads\\\/2020\\\/04\\\/Food-Processing-Belt-With-Burger-300x200.jpg\"},{\"@type\":\"BreadcrumbList\",\"@id\":\"https:\\\/\\\/www.techbelt.com\\\/de\\\/fda-konforme-bander-in-der-lebensmittelindustrie\\\/#breadcrumb\",\"itemListElement\":[{\"@type\":\"ListItem\",\"position\":1,\"name\":\"Home\",\"item\":\"https:\\\/\\\/www.techbelt.com\\\/de\\\/\"},{\"@type\":\"ListItem\",\"position\":2,\"name\":\"FDA-konforme B\u00e4nder in der Lebensmittelindustrie\"}]},{\"@type\":\"WebSite\",\"@id\":\"https:\\\/\\\/www.techbelt.com\\\/de\\\/#website\",\"url\":\"https:\\\/\\\/www.techbelt.com\\\/de\\\/\",\"name\":\"Techbelt | Conveyor Belts | PTFE | Teflon Tape | PTFE Belting\",\"description\":\"Conveyor Belts - Global Manufacturer - Worldwide Shipping\",\"publisher\":{\"@id\":\"https:\\\/\\\/www.techbelt.com\\\/de\\\/#organization\"},\"potentialAction\":[{\"@type\":\"SearchAction\",\"target\":{\"@type\":\"EntryPoint\",\"urlTemplate\":\"https:\\\/\\\/www.techbelt.com\\\/de\\\/?s={search_term_string}\"},\"query-input\":{\"@type\":\"PropertyValueSpecification\",\"valueRequired\":true,\"valueName\":\"search_term_string\"}}],\"inLanguage\":\"de\"},{\"@type\":\"Organization\",\"@id\":\"https:\\\/\\\/www.techbelt.com\\\/de\\\/#organization\",\"name\":\"Techbelt\",\"url\":\"https:\\\/\\\/www.techbelt.com\\\/de\\\/\",\"logo\":{\"@type\":\"ImageObject\",\"inLanguage\":\"de\",\"@id\":\"https:\\\/\\\/www.techbelt.com\\\/de\\\/#\\\/schema\\\/logo\\\/image\\\/\",\"url\":\"https:\\\/\\\/www.techbelt.com\\\/wp-content\\\/uploads\\\/2019\\\/05\\\/techbelt-icon.png\",\"contentUrl\":\"https:\\\/\\\/www.techbelt.com\\\/wp-content\\\/uploads\\\/2019\\\/05\\\/techbelt-icon.png\",\"width\":512,\"height\":512,\"caption\":\"Techbelt\"},\"image\":{\"@id\":\"https:\\\/\\\/www.techbelt.com\\\/de\\\/#\\\/schema\\\/logo\\\/image\\\/\"},\"sameAs\":[\"https:\\\/\\\/www.facebook.com\\\/techbeltuk\\\/\",\"https:\\\/\\\/x.com\\\/techbeltuk\",\"https:\\\/\\\/www.instagram.com\\\/techbeltuk\\\/?hl=en\",\"https:\\\/\\\/www.linkedin.com\\\/company\\\/techbelt\\\/\",\"https:\\\/\\\/www.youtube.com\\\/channel\\\/UCLM7Z91fT9w3_CskdVYrtYQ\"]}]}<\/script>\n<!-- \/ Yoast SEO Premium plugin. -->","yoast_head_json":{"title":"FDA-konforme B\u00e4nder in der Lebensmittelindustrie","description":"%","robots":{"index":"index","follow":"follow","max-snippet":"max-snippet:-1","max-image-preview":"max-image-preview:large","max-video-preview":"max-video-preview:-1"},"canonical":"https:\/\/www.techbelt.com\/de\/fda-konforme-bander-in-der-lebensmittelindustrie\/","og_locale":"de_DE","og_type":"article","og_title":"FDA-konforme B\u00e4nder in der Lebensmittelindustrie","og_description":"FDA-konforme B\u00e4nder in der Lebensmittelindustrie um die Verbraucher zu sch\u00fctzen und den Ruf des Unternehmens zu sch\u00fctzen. FDA-konforme B\u00e4nder","og_url":"https:\/\/www.techbelt.com\/de\/fda-konforme-bander-in-der-lebensmittelindustrie\/","og_site_name":"Techbelt | Conveyor Belts | PTFE | Teflon Tape | PTFE Belting","article_publisher":"https:\/\/www.facebook.com\/techbeltuk\/","article_modified_time":"2023-04-18T11:09:45+00:00","og_image":[{"url":"https:\/\/www.techbelt.com\/wp-content\/uploads\/2020\/04\/Food-Processing-Belt-With-Burger-300x200.jpg","type":"","width":"","height":""}],"twitter_card":"summary_large_image","twitter_site":"@techbeltuk","twitter_misc":{"Gesch\u00e4tzte Lesezeit":"1\u00a0Minute"},"schema":{"@context":"https:\/\/schema.org","@graph":[{"@type":"WebPage","@id":"https:\/\/www.techbelt.com\/de\/fda-konforme-bander-in-der-lebensmittelindustrie\/","url":"https:\/\/www.techbelt.com\/de\/fda-konforme-bander-in-der-lebensmittelindustrie\/","name":"FDA-konforme B\u00e4nder in der Lebensmittelindustrie","isPartOf":{"@id":"https:\/\/www.techbelt.com\/de\/#website"},"primaryImageOfPage":{"@id":"https:\/\/www.techbelt.com\/de\/fda-konforme-bander-in-der-lebensmittelindustrie\/#primaryimage"},"image":{"@id":"https:\/\/www.techbelt.com\/de\/fda-konforme-bander-in-der-lebensmittelindustrie\/#primaryimage"},"thumbnailUrl":"https:\/\/www.techbelt.com\/wp-content\/uploads\/2020\/04\/Food-Processing-Belt-With-Burger-300x200.jpg","datePublished":"2023-04-18T10:42:17+00:00","dateModified":"2023-04-18T11:09:45+00:00","description":"%","breadcrumb":{"@id":"https:\/\/www.techbelt.com\/de\/fda-konforme-bander-in-der-lebensmittelindustrie\/#breadcrumb"},"inLanguage":"de","potentialAction":[{"@type":"ReadAction","target":["https:\/\/www.techbelt.com\/de\/fda-konforme-bander-in-der-lebensmittelindustrie\/"]}]},{"@type":"ImageObject","inLanguage":"de","@id":"https:\/\/www.techbelt.com\/de\/fda-konforme-bander-in-der-lebensmittelindustrie\/#primaryimage","url":"https:\/\/www.techbelt.com\/wp-content\/uploads\/2020\/04\/Food-Processing-Belt-With-Burger-300x200.jpg","contentUrl":"https:\/\/www.techbelt.com\/wp-content\/uploads\/2020\/04\/Food-Processing-Belt-With-Burger-300x200.jpg"},{"@type":"BreadcrumbList","@id":"https:\/\/www.techbelt.com\/de\/fda-konforme-bander-in-der-lebensmittelindustrie\/#breadcrumb","itemListElement":[{"@type":"ListItem","position":1,"name":"Home","item":"https:\/\/www.techbelt.com\/de\/"},{"@type":"ListItem","position":2,"name":"FDA-konforme B\u00e4nder in der Lebensmittelindustrie"}]},{"@type":"WebSite","@id":"https:\/\/www.techbelt.com\/de\/#website","url":"https:\/\/www.techbelt.com\/de\/","name":"Techbelt | Conveyor Belts | PTFE | Teflon Tape | PTFE Belting","description":"Conveyor Belts - Global Manufacturer - Worldwide Shipping","publisher":{"@id":"https:\/\/www.techbelt.com\/de\/#organization"},"potentialAction":[{"@type":"SearchAction","target":{"@type":"EntryPoint","urlTemplate":"https:\/\/www.techbelt.com\/de\/?s={search_term_string}"},"query-input":{"@type":"PropertyValueSpecification","valueRequired":true,"valueName":"search_term_string"}}],"inLanguage":"de"},{"@type":"Organization","@id":"https:\/\/www.techbelt.com\/de\/#organization","name":"Techbelt","url":"https:\/\/www.techbelt.com\/de\/","logo":{"@type":"ImageObject","inLanguage":"de","@id":"https:\/\/www.techbelt.com\/de\/#\/schema\/logo\/image\/","url":"https:\/\/www.techbelt.com\/wp-content\/uploads\/2019\/05\/techbelt-icon.png","contentUrl":"https:\/\/www.techbelt.com\/wp-content\/uploads\/2019\/05\/techbelt-icon.png","width":512,"height":512,"caption":"Techbelt"},"image":{"@id":"https:\/\/www.techbelt.com\/de\/#\/schema\/logo\/image\/"},"sameAs":["https:\/\/www.facebook.com\/techbeltuk\/","https:\/\/x.com\/techbeltuk","https:\/\/www.instagram.com\/techbeltuk\/?hl=en","https:\/\/www.linkedin.com\/company\/techbelt\/","https:\/\/www.youtube.com\/channel\/UCLM7Z91fT9w3_CskdVYrtYQ"]}]}},"jetpack_sharing_enabled":true,"_links":{"self":[{"href":"https:\/\/www.techbelt.com\/de\/wp-json\/wp\/v2\/pages\/36043","targetHints":{"allow":["GET"]}}],"collection":[{"href":"https:\/\/www.techbelt.com\/de\/wp-json\/wp\/v2\/pages"}],"about":[{"href":"https:\/\/www.techbelt.com\/de\/wp-json\/wp\/v2\/types\/page"}],"author":[{"embeddable":true,"href":"https:\/\/www.techbelt.com\/de\/wp-json\/wp\/v2\/users\/1"}],"replies":[{"embeddable":true,"href":"https:\/\/www.techbelt.com\/de\/wp-json\/wp\/v2\/comments?post=36043"}],"version-history":[{"count":7,"href":"https:\/\/www.techbelt.com\/de\/wp-json\/wp\/v2\/pages\/36043\/revisions"}],"predecessor-version":[{"id":38168,"href":"https:\/\/www.techbelt.com\/de\/wp-json\/wp\/v2\/pages\/36043\/revisions\/38168"}],"wp:attachment":[{"href":"https:\/\/www.techbelt.com\/de\/wp-json\/wp\/v2\/media?parent=36043"}],"curies":[{"name":"wp","href":"https:\/\/api.w.org\/{rel}","templated":true}]}}