{"id":36214,"date":"2023-05-15T15:37:23","date_gmt":"2023-05-15T14:37:23","guid":{"rendered":"https:\/\/www.techbelt.com\/?page_id=36214"},"modified":"2023-05-15T16:21:59","modified_gmt":"2023-05-15T15:21:59","slug":"ptfe-band","status":"publish","type":"page","link":"https:\/\/www.techbelt.com\/de\/ptfe-band\/","title":{"rendered":"PTFE Band"},"content":{"rendered":"\t\t<div data-elementor-type=\"wp-page\" data-elementor-id=\"36214\" class=\"elementor elementor-36214\" data-elementor-post-type=\"page\">\n\t\t\t\t\t\t<section class=\"elementor-section elementor-top-section elementor-element elementor-element-341a848f elementor-section-boxed elementor-section-height-default elementor-section-height-default\" data-id=\"341a848f\" data-element_type=\"section\" data-e-type=\"section\">\n\t\t\t\t\t\t<div class=\"elementor-container elementor-column-gap-default\">\n\t\t\t\t\t<div class=\"elementor-column elementor-col-100 elementor-top-column elementor-element elementor-element-7afe246\" data-id=\"7afe246\" data-element_type=\"column\" data-e-type=\"column\" data-settings=\"{&quot;background_background&quot;:&quot;classic&quot;}\">\n\t\t\t<div class=\"elementor-widget-wrap elementor-element-populated\">\n\t\t\t\t\t\t<section class=\"elementor-section elementor-inner-section elementor-element elementor-element-87bd14d elementor-section-boxed elementor-section-height-default elementor-section-height-default\" data-id=\"87bd14d\" data-element_type=\"section\" data-e-type=\"section\">\n\t\t\t\t\t\t<div class=\"elementor-container elementor-column-gap-default\">\n\t\t\t\t\t<div class=\"elementor-column elementor-col-50 elementor-inner-column elementor-element elementor-element-4c7edf6\" data-id=\"4c7edf6\" data-element_type=\"column\" data-e-type=\"column\">\n\t\t\t<div class=\"elementor-widget-wrap elementor-element-populated\">\n\t\t\t\t\t\t<div class=\"elementor-element elementor-element-4fd5db0 elementor-widget elementor-widget-heading\" data-id=\"4fd5db0\" data-element_type=\"widget\" data-e-type=\"widget\" data-widget_type=\"heading.default\">\n\t\t\t\t<div class=\"elementor-widget-container\">\n\t\t\t\t\t<h1 class=\"elementor-heading-title elementor-size-default\">PTFE Band<\/h1>\t\t\t\t<\/div>\n\t\t\t\t<\/div>\n\t\t\t\t<div class=\"elementor-element elementor-element-efaef1d elementor-widget elementor-widget-text-editor\" data-id=\"efaef1d\" data-element_type=\"widget\" data-e-type=\"widget\" data-widget_type=\"text-editor.default\">\n\t\t\t\t<div class=\"elementor-widget-container\">\n\t\t\t\t\t\t\t\t\t<p>Hochleistungs-PTFE-Klebeb\u00e4nder Allgemein bekannt als Teflon-Klebeb\u00e4nder bieten <a href=\"https:\/\/www.techbelt.com\/product-category\/adhesive-tapes\/ptfe-adhesive-tape\/\">PTFE<\/a>-Klebeb\u00e4nder ausgezeichnete Trenneigenschaften und k\u00f6nnen extreme Temperaturen bew\u00e4ltigen.<\/p><figure id=\"attachment_34343\" aria-describedby=\"caption-attachment-34343\" style=\"width: 557px\" class=\"wp-caption aligncenter\"><a href=\"https:\/\/www.techbelt.com\/wp-content\/uploads\/2022\/10\/IMG_0648-scaled.jpg\"><img fetchpriority=\"high\" decoding=\"async\" class=\" wp-image-34343\" src=\"https:\/\/www.techbelt.com\/wp-content\/uploads\/2022\/10\/IMG_0648-300x200.jpg\" alt=\"PTFE Band\" width=\"557\" height=\"371\" srcset=\"https:\/\/www.techbelt.com\/wp-content\/uploads\/2022\/10\/IMG_0648-300x200.jpg 300w, https:\/\/www.techbelt.com\/wp-content\/uploads\/2022\/10\/IMG_0648-1024x683.jpg 1024w, https:\/\/www.techbelt.com\/wp-content\/uploads\/2022\/10\/IMG_0648-768x512.jpg 768w, https:\/\/www.techbelt.com\/wp-content\/uploads\/2022\/10\/IMG_0648-1536x1024.jpg 1536w, https:\/\/www.techbelt.com\/wp-content\/uploads\/2022\/10\/IMG_0648-2048x1365.jpg 2048w, https:\/\/www.techbelt.com\/wp-content\/uploads\/2022\/10\/IMG_0648-457x305.jpg 457w, https:\/\/www.techbelt.com\/wp-content\/uploads\/2022\/10\/IMG_0648-150x100.jpg 150w\" sizes=\"(max-width: 557px) 100vw, 557px\" \/><\/a><figcaption id=\"caption-attachment-34343\" class=\"wp-caption-text\">PTFE Band<\/figcaption><\/figure><p>Teflon-Klebeb\u00e4nder werden mit einer hitzebest\u00e4ndigen Oberfl\u00e4che und druckempfindlichem Silikonkleber hergestellt.<\/p><p>Was ist Teflon\u00ae-Klebeband? PTFE-Klebeb\u00e4nder werden oft als Trennband verwendet. Zum Schutz von Versiegelungskiefern und Hei\u00dfdraht-Verschwei\u00dfungen. Verwendet in Ger\u00e4ten wie Beutel- und L-Schwei\u00dfmaschinen. Sie werden auch in Vakuum- und Blisterverpackungsanwendungen verwendet.<\/p><p>Eigenschaften und Vorteile Antihaft-Polymere verhindern das Anhaften von geschmolzenem Film und Kunststoff auf der Oberfl\u00e4che. Die temperaturbest\u00e4ndige PTFE-Beschichtung erm\u00f6glicht hohe und niedrige Betriebstemperaturen. Unsere PTFE-Klebeb\u00e4nder sind mit einem gelben, welligen Trennpapier versehen.<\/p><p>Dies erm\u00f6glicht eine schnelle und einfache Entfernung. In unterschiedlichen Dicken hergestellt, um eine Vielzahl von Anwendungen abzudecken. UNSERE PTFE-KLEBEB\u00c4NDER SIND VON H\u00d6CHSTER QUALIT\u00c4T, DIE AUF DEM HEUTIGEN MARKT ERH\u00c4LTLICH IST. Material Eigenschaften Temperaturbest\u00e4ndigkeit: -73\u00b0C bis +260\u00b0C Antihaft-Eigenschaften f\u00fcr optimale Trennung Druckempfindlicher Silikonkleber Thermische Zyklen von 4 Stunden bei 200\u00b0C Geringe Reibung Au\u00dfergew\u00f6hnliche Verschlei\u00dffestigkeit Bestellinformationen Unsere PTFE-Klebeb\u00e4nder sind in Breiten von 10 mm bis 1000 mm erh\u00e4ltlich und werden aus Lagerbest\u00e4nden geschnitten. Standard-Rollenl\u00e4nge von 30 Metern Kurze Lieferzeiten von 1-2 Arbeitstagen f\u00fcr alle geschnittenen Rollen.<\/p><p><a href=\"https:\/\/www.linkedin.com\/company\/techbelt\/mycompany\/verification\/?viewAsMember=true\">https:\/\/www.linkedin.com\/company\/techbelt\/mycompany\/verification\/?viewAsMember=true<\/a><\/p>\t\t\t\t\t\t\t\t<\/div>\n\t\t\t\t<\/div>\n\t\t\t\t\t<\/div>\n\t\t<\/div>\n\t\t\t\t<div class=\"elementor-column elementor-col-50 elementor-inner-column elementor-element elementor-element-81b5104\" data-id=\"81b5104\" data-element_type=\"column\" data-e-type=\"column\">\n\t\t\t<div class=\"elementor-widget-wrap elementor-element-populated\">\n\t\t\t\t\t\t<div class=\"elementor-element elementor-element-83ed87d elementor-widget elementor-widget-spacer\" data-id=\"83ed87d\" data-element_type=\"widget\" data-e-type=\"widget\" data-widget_type=\"spacer.default\">\n\t\t\t\t<div class=\"elementor-widget-container\">\n\t\t\t\t\t\t\t<div class=\"elementor-spacer\">\n\t\t\t<div class=\"elementor-spacer-inner\"><\/div>\n\t\t<\/div>\n\t\t\t\t\t\t<\/div>\n\t\t\t\t<\/div>\n\t\t\t\t<div class=\"elementor-element elementor-element-5185b8a elementor-hidden-phone elementor-widget-divider--view-line elementor-widget elementor-widget-divider\" data-id=\"5185b8a\" data-element_type=\"widget\" data-e-type=\"widget\" data-widget_type=\"divider.default\">\n\t\t\t\t<div class=\"elementor-widget-container\">\n\t\t\t\t\t\t\t<div class=\"elementor-divider\">\n\t\t\t<span class=\"elementor-divider-separator\">\n\t\t\t\t\t\t<\/span>\n\t\t<\/div>\n\t\t\t\t\t\t<\/div>\n\t\t\t\t<\/div>\n\t\t\t\t<div class=\"elementor-element elementor-element-5ac9891 elementor-grid-mobile-1 elementor-share-buttons--shape-rounded elementor-share-buttons--skin-flat elementor-share-buttons--view-icon-text elementor-grid-0 elementor-share-buttons--color-official elementor-widget elementor-widget-share-buttons\" data-id=\"5ac9891\" data-element_type=\"widget\" data-e-type=\"widget\" data-widget_type=\"share-buttons.default\">\n\t\t\t\t<div class=\"elementor-widget-container\">\n\t\t\t\t\t\t\t<div class=\"elementor-grid\" role=\"list\">\n\t\t\t\t\t\t\t\t<div class=\"elementor-grid-item\" role=\"listitem\">\n\t\t\t\t\t\t<div class=\"elementor-share-btn elementor-share-btn_linkedin\" role=\"button\" tabindex=\"0\" aria-label=\"Teilen auf linkedin\">\n\t\t\t\t\t\t\t\t\t\t\t\t\t\t\t<span class=\"elementor-share-btn__icon\">\n\t\t\t\t\t\t\t\t<i class=\"fab fa-linkedin\" aria-hidden=\"true\"><\/i>\t\t\t\t\t\t\t<\/span>\n\t\t\t\t\t\t\t\t\t\t\t\t\t\t\t\t\t\t\t\t\t\t<div class=\"elementor-share-btn__text\">\n\t\t\t\t\t\t\t\t\t\t\t\t\t\t\t\t\t\t\t<span class=\"elementor-share-btn__title\">\n\t\t\t\t\t\t\t\t\t\tLinkedIn\t\t\t\t\t\t\t\t\t<\/span>\n\t\t\t\t\t\t\t\t\t\t\t\t\t\t\t\t\t<\/div>\n\t\t\t\t\t\t\t\t\t\t\t\t\t<\/div>\n\t\t\t\t\t<\/div>\n\t\t\t\t\t\t\t\t\t<div class=\"elementor-grid-item\" role=\"listitem\">\n\t\t\t\t\t\t<div class=\"elementor-share-btn elementor-share-btn_facebook\" role=\"button\" tabindex=\"0\" aria-label=\"Teilen auf facebook\">\n\t\t\t\t\t\t\t\t\t\t\t\t\t\t\t<span class=\"elementor-share-btn__icon\">\n\t\t\t\t\t\t\t\t<i class=\"fab fa-facebook\" aria-hidden=\"true\"><\/i>\t\t\t\t\t\t\t<\/span>\n\t\t\t\t\t\t\t\t\t\t\t\t\t\t\t\t\t\t\t\t\t\t<div class=\"elementor-share-btn__text\">\n\t\t\t\t\t\t\t\t\t\t\t\t\t\t\t\t\t\t\t<span class=\"elementor-share-btn__title\">\n\t\t\t\t\t\t\t\t\t\tFacebook\t\t\t\t\t\t\t\t\t<\/span>\n\t\t\t\t\t\t\t\t\t\t\t\t\t\t\t\t\t<\/div>\n\t\t\t\t\t\t\t\t\t\t\t\t\t<\/div>\n\t\t\t\t\t<\/div>\n\t\t\t\t\t\t\t\t\t<div class=\"elementor-grid-item\" role=\"listitem\">\n\t\t\t\t\t\t<div class=\"elementor-share-btn elementor-share-btn_email\" role=\"button\" tabindex=\"0\" aria-label=\"Teilen auf email\">\n\t\t\t\t\t\t\t\t\t\t\t\t\t\t\t<span class=\"elementor-share-btn__icon\">\n\t\t\t\t\t\t\t\t<i class=\"fas fa-envelope\" aria-hidden=\"true\"><\/i>\t\t\t\t\t\t\t<\/span>\n\t\t\t\t\t\t\t\t\t\t\t\t\t\t\t\t\t\t\t\t\t\t<div class=\"elementor-share-btn__text\">\n\t\t\t\t\t\t\t\t\t\t\t\t\t\t\t\t\t\t\t<span class=\"elementor-share-btn__title\">\n\t\t\t\t\t\t\t\t\t\tEmail\t\t\t\t\t\t\t\t\t<\/span>\n\t\t\t\t\t\t\t\t\t\t\t\t\t\t\t\t\t<\/div>\n\t\t\t\t\t\t\t\t\t\t\t\t\t<\/div>\n\t\t\t\t\t<\/div>\n\t\t\t\t\t\t\t\t\t<div class=\"elementor-grid-item\" role=\"listitem\">\n\t\t\t\t\t\t<div class=\"elementor-share-btn elementor-share-btn_twitter\" role=\"button\" tabindex=\"0\" aria-label=\"Teilen auf twitter\">\n\t\t\t\t\t\t\t\t\t\t\t\t\t\t\t<span class=\"elementor-share-btn__icon\">\n\t\t\t\t\t\t\t\t<i class=\"fab fa-twitter\" aria-hidden=\"true\"><\/i>\t\t\t\t\t\t\t<\/span>\n\t\t\t\t\t\t\t\t\t\t\t\t\t\t\t\t\t\t\t\t\t\t<div class=\"elementor-share-btn__text\">\n\t\t\t\t\t\t\t\t\t\t\t\t\t\t\t\t\t\t\t<span class=\"elementor-share-btn__title\">\n\t\t\t\t\t\t\t\t\t\tTwitter\t\t\t\t\t\t\t\t\t<\/span>\n\t\t\t\t\t\t\t\t\t\t\t\t\t\t\t\t\t<\/div>\n\t\t\t\t\t\t\t\t\t\t\t\t\t<\/div>\n\t\t\t\t\t<\/div>\n\t\t\t\t\t\t\t\t\t<div class=\"elementor-grid-item\" role=\"listitem\">\n\t\t\t\t\t\t<div class=\"elementor-share-btn elementor-share-btn_whatsapp\" role=\"button\" tabindex=\"0\" aria-label=\"Teilen auf whatsapp\">\n\t\t\t\t\t\t\t\t\t\t\t\t\t\t\t<span class=\"elementor-share-btn__icon\">\n\t\t\t\t\t\t\t\t<i class=\"fab fa-whatsapp\" aria-hidden=\"true\"><\/i>\t\t\t\t\t\t\t<\/span>\n\t\t\t\t\t\t\t\t\t\t\t\t\t\t\t\t\t\t\t\t\t\t<div class=\"elementor-share-btn__text\">\n\t\t\t\t\t\t\t\t\t\t\t\t\t\t\t\t\t\t\t<span class=\"elementor-share-btn__title\">\n\t\t\t\t\t\t\t\t\t\tWhatsApp\t\t\t\t\t\t\t\t\t<\/span>\n\t\t\t\t\t\t\t\t\t\t\t\t\t\t\t\t\t<\/div>\n\t\t\t\t\t\t\t\t\t\t\t\t\t<\/div>\n\t\t\t\t\t<\/div>\n\t\t\t\t\t\t<\/div>\n\t\t\t\t\t\t<\/div>\n\t\t\t\t<\/div>\n\t\t\t\t<div class=\"elementor-element elementor-element-ec5235c elementor-hidden-phone elementor-widget-divider--view-line elementor-widget elementor-widget-divider\" data-id=\"ec5235c\" data-element_type=\"widget\" data-e-type=\"widget\" data-widget_type=\"divider.default\">\n\t\t\t\t<div class=\"elementor-widget-container\">\n\t\t\t\t\t\t\t<div class=\"elementor-divider\">\n\t\t\t<span class=\"elementor-divider-separator\">\n\t\t\t\t\t\t<\/span>\n\t\t<\/div>\n\t\t\t\t\t\t<\/div>\n\t\t\t\t<\/div>\n\t\t\t\t<div class=\"elementor-element elementor-element-4f3195f elementor-view-default elementor-position-block-start elementor-mobile-position-block-start elementor-widget elementor-widget-icon-box\" data-id=\"4f3195f\" data-element_type=\"widget\" data-e-type=\"widget\" data-widget_type=\"icon-box.default\">\n\t\t\t\t<div class=\"elementor-widget-container\">\n\t\t\t\t\t\t\t<div class=\"elementor-icon-box-wrapper\">\n\n\t\t\t\t\t\t<div class=\"elementor-icon-box-icon\">\n\t\t\t\t<a href=\"https:\/\/www.techbelt.com\/shipping\/\" class=\"elementor-icon\" tabindex=\"-1\" aria-label=\"Weltweiter Versand\">\n\t\t\t\t<i aria-hidden=\"true\" class=\"fab fa-ups\"><\/i>\t\t\t\t<\/a>\n\t\t\t<\/div>\n\t\t\t\n\t\t\t\t\t\t<div class=\"elementor-icon-box-content\">\n\n\t\t\t\t\t\t\t\t\t<h1 class=\"elementor-icon-box-title\">\n\t\t\t\t\t\t<a href=\"https:\/\/www.techbelt.com\/shipping\/\" >\n\t\t\t\t\t\t\tWeltweiter Versand\t\t\t\t\t\t<\/a>\n\t\t\t\t\t<\/h1>\n\t\t\t\t\n\t\t\t\t\t\t\t\t\t<p class=\"elementor-icon-box-description\">\n\t\t\t\t\t\tFinde mehr heraus\t\t\t\t\t<\/p>\n\t\t\t\t\n\t\t\t<\/div>\n\t\t\t\n\t\t<\/div>\n\t\t\t\t\t\t<\/div>\n\t\t\t\t<\/div>\n\t\t\t\t\t<\/div>\n\t\t<\/div>\n\t\t\t\t\t<\/div>\n\t\t<\/section>\n\t\t\t\t\t<\/div>\n\t\t<\/div>\n\t\t\t\t\t<\/div>\n\t\t<\/section>\n\t\t\t\t<\/div>\n\t\t","protected":false},"excerpt":{"rendered":"<p>PTFE Band Hochleistungs-PTFE-Klebeb\u00e4nder Allgemein bekannt als Teflon-Klebeb\u00e4nder bieten PTFE-Klebeb\u00e4nder ausgezeichnete Trenneigenschaften und k\u00f6nnen extreme Temperaturen bew\u00e4ltigen. Teflon-Klebeb\u00e4nder werden mit einer hitzebest\u00e4ndigen Oberfl\u00e4che und druckempfindlichem Silikonkleber hergestellt. Was ist Teflon\u00ae-Klebeband? PTFE-Klebeb\u00e4nder werden oft als Trennband verwendet. Zum Schutz von Versiegelungskiefern und Hei\u00dfdraht-Verschwei\u00dfungen. Verwendet in Ger\u00e4ten wie Beutel- und L-Schwei\u00dfmaschinen. Sie werden auch in Vakuum- und Blisterverpackungsanwendungen [&hellip;]<\/p>\n","protected":false},"author":1,"featured_media":0,"parent":0,"menu_order":0,"comment_status":"closed","ping_status":"closed","template":"elementor_header_footer","meta":{"footnotes":""},"class_list":["post-36214","page","type-page","status-publish","hentry"],"yoast_head":"<!-- This site is optimized with the Yoast SEO Premium plugin v27.4 (Yoast SEO v27.4) - https:\/\/yoast.com\/product\/yoast-seo-premium-wordpress\/ -->\n<title>PTFE Band<\/title>\n<meta name=\"description\" content=\"%\" \/>\n<meta name=\"robots\" content=\"index, follow, max-snippet:-1, max-image-preview:large, max-video-preview:-1\" \/>\n<link rel=\"canonical\" href=\"https:\/\/www.techbelt.com\/de\/ptfe-band\/\" \/>\n<meta property=\"og:locale\" content=\"de_DE\" \/>\n<meta property=\"og:type\" content=\"article\" \/>\n<meta property=\"og:title\" content=\"PTFE Band\" \/>\n<meta property=\"og:description\" content=\"PTFE Band Hochleistungs-PTFE-Klebeb\u00e4nder Allgemein bekannt als Teflon-Klebeb\u00e4nder bieten PTFE-Klebeb\u00e4nder ausgezeichnete Trenneigenschaften und k\u00f6nnen\" \/>\n<meta property=\"og:url\" content=\"https:\/\/www.techbelt.com\/de\/ptfe-band\/\" \/>\n<meta property=\"og:site_name\" content=\"Techbelt | Conveyor Belts | PTFE | Teflon Tape | PTFE Belting\" \/>\n<meta property=\"article:publisher\" content=\"https:\/\/www.facebook.com\/techbeltuk\/\" \/>\n<meta property=\"article:modified_time\" content=\"2023-05-15T15:21:59+00:00\" \/>\n<meta property=\"og:image\" content=\"https:\/\/www.techbelt.com\/wp-content\/uploads\/2022\/10\/IMG_0648-300x200.jpg\" \/>\n<meta name=\"twitter:card\" content=\"summary_large_image\" \/>\n<meta name=\"twitter:site\" content=\"@techbeltuk\" \/>\n<meta name=\"twitter:label1\" content=\"Gesch\u00e4tzte Lesezeit\" \/>\n\t<meta name=\"twitter:data1\" content=\"1\u00a0Minute\" \/>\n<script type=\"application\/ld+json\" class=\"yoast-schema-graph\">{\"@context\":\"https:\\\/\\\/schema.org\",\"@graph\":[{\"@type\":\"WebPage\",\"@id\":\"https:\\\/\\\/www.techbelt.com\\\/de\\\/ptfe-band\\\/\",\"url\":\"https:\\\/\\\/www.techbelt.com\\\/de\\\/ptfe-band\\\/\",\"name\":\"PTFE Band\",\"isPartOf\":{\"@id\":\"https:\\\/\\\/www.techbelt.com\\\/de\\\/#website\"},\"primaryImageOfPage\":{\"@id\":\"https:\\\/\\\/www.techbelt.com\\\/de\\\/ptfe-band\\\/#primaryimage\"},\"image\":{\"@id\":\"https:\\\/\\\/www.techbelt.com\\\/de\\\/ptfe-band\\\/#primaryimage\"},\"thumbnailUrl\":\"https:\\\/\\\/www.techbelt.com\\\/wp-content\\\/uploads\\\/2022\\\/10\\\/IMG_0648-300x200.jpg\",\"datePublished\":\"2023-05-15T14:37:23+00:00\",\"dateModified\":\"2023-05-15T15:21:59+00:00\",\"description\":\"%\",\"breadcrumb\":{\"@id\":\"https:\\\/\\\/www.techbelt.com\\\/de\\\/ptfe-band\\\/#breadcrumb\"},\"inLanguage\":\"de\",\"potentialAction\":[{\"@type\":\"ReadAction\",\"target\":[\"https:\\\/\\\/www.techbelt.com\\\/de\\\/ptfe-band\\\/\"]}]},{\"@type\":\"ImageObject\",\"inLanguage\":\"de\",\"@id\":\"https:\\\/\\\/www.techbelt.com\\\/de\\\/ptfe-band\\\/#primaryimage\",\"url\":\"https:\\\/\\\/www.techbelt.com\\\/wp-content\\\/uploads\\\/2022\\\/10\\\/IMG_0648-300x200.jpg\",\"contentUrl\":\"https:\\\/\\\/www.techbelt.com\\\/wp-content\\\/uploads\\\/2022\\\/10\\\/IMG_0648-300x200.jpg\"},{\"@type\":\"BreadcrumbList\",\"@id\":\"https:\\\/\\\/www.techbelt.com\\\/de\\\/ptfe-band\\\/#breadcrumb\",\"itemListElement\":[{\"@type\":\"ListItem\",\"position\":1,\"name\":\"Home\",\"item\":\"https:\\\/\\\/www.techbelt.com\\\/de\\\/\"},{\"@type\":\"ListItem\",\"position\":2,\"name\":\"PTFE Band\"}]},{\"@type\":\"WebSite\",\"@id\":\"https:\\\/\\\/www.techbelt.com\\\/de\\\/#website\",\"url\":\"https:\\\/\\\/www.techbelt.com\\\/de\\\/\",\"name\":\"Techbelt | Conveyor Belts | PTFE | Teflon Tape | PTFE Belting\",\"description\":\"Conveyor Belts - Global Manufacturer - Worldwide Shipping\",\"publisher\":{\"@id\":\"https:\\\/\\\/www.techbelt.com\\\/de\\\/#organization\"},\"potentialAction\":[{\"@type\":\"SearchAction\",\"target\":{\"@type\":\"EntryPoint\",\"urlTemplate\":\"https:\\\/\\\/www.techbelt.com\\\/de\\\/?s={search_term_string}\"},\"query-input\":{\"@type\":\"PropertyValueSpecification\",\"valueRequired\":true,\"valueName\":\"search_term_string\"}}],\"inLanguage\":\"de\"},{\"@type\":\"Organization\",\"@id\":\"https:\\\/\\\/www.techbelt.com\\\/de\\\/#organization\",\"name\":\"Techbelt\",\"url\":\"https:\\\/\\\/www.techbelt.com\\\/de\\\/\",\"logo\":{\"@type\":\"ImageObject\",\"inLanguage\":\"de\",\"@id\":\"https:\\\/\\\/www.techbelt.com\\\/de\\\/#\\\/schema\\\/logo\\\/image\\\/\",\"url\":\"https:\\\/\\\/www.techbelt.com\\\/wp-content\\\/uploads\\\/2019\\\/05\\\/techbelt-icon.png\",\"contentUrl\":\"https:\\\/\\\/www.techbelt.com\\\/wp-content\\\/uploads\\\/2019\\\/05\\\/techbelt-icon.png\",\"width\":512,\"height\":512,\"caption\":\"Techbelt\"},\"image\":{\"@id\":\"https:\\\/\\\/www.techbelt.com\\\/de\\\/#\\\/schema\\\/logo\\\/image\\\/\"},\"sameAs\":[\"https:\\\/\\\/www.facebook.com\\\/techbeltuk\\\/\",\"https:\\\/\\\/x.com\\\/techbeltuk\",\"https:\\\/\\\/www.instagram.com\\\/techbeltuk\\\/?hl=en\",\"https:\\\/\\\/www.linkedin.com\\\/company\\\/techbelt\\\/\",\"https:\\\/\\\/www.youtube.com\\\/channel\\\/UCLM7Z91fT9w3_CskdVYrtYQ\"]}]}<\/script>\n<!-- \/ Yoast SEO Premium plugin. -->","yoast_head_json":{"title":"PTFE Band","description":"%","robots":{"index":"index","follow":"follow","max-snippet":"max-snippet:-1","max-image-preview":"max-image-preview:large","max-video-preview":"max-video-preview:-1"},"canonical":"https:\/\/www.techbelt.com\/de\/ptfe-band\/","og_locale":"de_DE","og_type":"article","og_title":"PTFE Band","og_description":"PTFE Band Hochleistungs-PTFE-Klebeb\u00e4nder Allgemein bekannt als Teflon-Klebeb\u00e4nder bieten PTFE-Klebeb\u00e4nder ausgezeichnete Trenneigenschaften und k\u00f6nnen","og_url":"https:\/\/www.techbelt.com\/de\/ptfe-band\/","og_site_name":"Techbelt | Conveyor Belts | PTFE | Teflon Tape | PTFE Belting","article_publisher":"https:\/\/www.facebook.com\/techbeltuk\/","article_modified_time":"2023-05-15T15:21:59+00:00","og_image":[{"url":"https:\/\/www.techbelt.com\/wp-content\/uploads\/2022\/10\/IMG_0648-300x200.jpg","type":"","width":"","height":""}],"twitter_card":"summary_large_image","twitter_site":"@techbeltuk","twitter_misc":{"Gesch\u00e4tzte Lesezeit":"1\u00a0Minute"},"schema":{"@context":"https:\/\/schema.org","@graph":[{"@type":"WebPage","@id":"https:\/\/www.techbelt.com\/de\/ptfe-band\/","url":"https:\/\/www.techbelt.com\/de\/ptfe-band\/","name":"PTFE Band","isPartOf":{"@id":"https:\/\/www.techbelt.com\/de\/#website"},"primaryImageOfPage":{"@id":"https:\/\/www.techbelt.com\/de\/ptfe-band\/#primaryimage"},"image":{"@id":"https:\/\/www.techbelt.com\/de\/ptfe-band\/#primaryimage"},"thumbnailUrl":"https:\/\/www.techbelt.com\/wp-content\/uploads\/2022\/10\/IMG_0648-300x200.jpg","datePublished":"2023-05-15T14:37:23+00:00","dateModified":"2023-05-15T15:21:59+00:00","description":"%","breadcrumb":{"@id":"https:\/\/www.techbelt.com\/de\/ptfe-band\/#breadcrumb"},"inLanguage":"de","potentialAction":[{"@type":"ReadAction","target":["https:\/\/www.techbelt.com\/de\/ptfe-band\/"]}]},{"@type":"ImageObject","inLanguage":"de","@id":"https:\/\/www.techbelt.com\/de\/ptfe-band\/#primaryimage","url":"https:\/\/www.techbelt.com\/wp-content\/uploads\/2022\/10\/IMG_0648-300x200.jpg","contentUrl":"https:\/\/www.techbelt.com\/wp-content\/uploads\/2022\/10\/IMG_0648-300x200.jpg"},{"@type":"BreadcrumbList","@id":"https:\/\/www.techbelt.com\/de\/ptfe-band\/#breadcrumb","itemListElement":[{"@type":"ListItem","position":1,"name":"Home","item":"https:\/\/www.techbelt.com\/de\/"},{"@type":"ListItem","position":2,"name":"PTFE Band"}]},{"@type":"WebSite","@id":"https:\/\/www.techbelt.com\/de\/#website","url":"https:\/\/www.techbelt.com\/de\/","name":"Techbelt | Conveyor Belts | PTFE | Teflon Tape | PTFE Belting","description":"Conveyor Belts - Global Manufacturer - Worldwide Shipping","publisher":{"@id":"https:\/\/www.techbelt.com\/de\/#organization"},"potentialAction":[{"@type":"SearchAction","target":{"@type":"EntryPoint","urlTemplate":"https:\/\/www.techbelt.com\/de\/?s={search_term_string}"},"query-input":{"@type":"PropertyValueSpecification","valueRequired":true,"valueName":"search_term_string"}}],"inLanguage":"de"},{"@type":"Organization","@id":"https:\/\/www.techbelt.com\/de\/#organization","name":"Techbelt","url":"https:\/\/www.techbelt.com\/de\/","logo":{"@type":"ImageObject","inLanguage":"de","@id":"https:\/\/www.techbelt.com\/de\/#\/schema\/logo\/image\/","url":"https:\/\/www.techbelt.com\/wp-content\/uploads\/2019\/05\/techbelt-icon.png","contentUrl":"https:\/\/www.techbelt.com\/wp-content\/uploads\/2019\/05\/techbelt-icon.png","width":512,"height":512,"caption":"Techbelt"},"image":{"@id":"https:\/\/www.techbelt.com\/de\/#\/schema\/logo\/image\/"},"sameAs":["https:\/\/www.facebook.com\/techbeltuk\/","https:\/\/x.com\/techbeltuk","https:\/\/www.instagram.com\/techbeltuk\/?hl=en","https:\/\/www.linkedin.com\/company\/techbelt\/","https:\/\/www.youtube.com\/channel\/UCLM7Z91fT9w3_CskdVYrtYQ"]}]}},"jetpack_sharing_enabled":true,"_links":{"self":[{"href":"https:\/\/www.techbelt.com\/de\/wp-json\/wp\/v2\/pages\/36214","targetHints":{"allow":["GET"]}}],"collection":[{"href":"https:\/\/www.techbelt.com\/de\/wp-json\/wp\/v2\/pages"}],"about":[{"href":"https:\/\/www.techbelt.com\/de\/wp-json\/wp\/v2\/types\/page"}],"author":[{"embeddable":true,"href":"https:\/\/www.techbelt.com\/de\/wp-json\/wp\/v2\/users\/1"}],"replies":[{"embeddable":true,"href":"https:\/\/www.techbelt.com\/de\/wp-json\/wp\/v2\/comments?post=36214"}],"version-history":[{"count":5,"href":"https:\/\/www.techbelt.com\/de\/wp-json\/wp\/v2\/pages\/36214\/revisions"}],"predecessor-version":[{"id":36221,"href":"https:\/\/www.techbelt.com\/de\/wp-json\/wp\/v2\/pages\/36214\/revisions\/36221"}],"wp:attachment":[{"href":"https:\/\/www.techbelt.com\/de\/wp-json\/wp\/v2\/media?parent=36214"}],"curies":[{"name":"wp","href":"https:\/\/api.w.org\/{rel}","templated":true}]}}