{"id":36291,"date":"2023-05-25T15:56:53","date_gmt":"2023-05-25T14:56:53","guid":{"rendered":"https:\/\/www.techbelt.com\/?page_id=36291"},"modified":"2023-05-25T16:26:55","modified_gmt":"2023-05-25T15:26:55","slug":"ptfe-laminierte-glasgewebe","status":"publish","type":"page","link":"https:\/\/www.techbelt.com\/de\/ptfe-laminierte-glasgewebe\/","title":{"rendered":"PTFE laminierte Glasgewebe"},"content":{"rendered":"\t\t<div data-elementor-type=\"wp-page\" data-elementor-id=\"36291\" class=\"elementor elementor-36291\" data-elementor-post-type=\"page\">\n\t\t\t\t\t\t<section class=\"elementor-section elementor-top-section elementor-element elementor-element-4d1327c8 elementor-section-boxed elementor-section-height-default elementor-section-height-default\" data-id=\"4d1327c8\" data-element_type=\"section\" data-e-type=\"section\">\n\t\t\t\t\t\t<div class=\"elementor-container elementor-column-gap-default\">\n\t\t\t\t\t<div class=\"elementor-column elementor-col-100 elementor-top-column elementor-element elementor-element-93da5e3\" data-id=\"93da5e3\" data-element_type=\"column\" data-e-type=\"column\" data-settings=\"{&quot;background_background&quot;:&quot;classic&quot;}\">\n\t\t\t<div class=\"elementor-widget-wrap elementor-element-populated\">\n\t\t\t\t\t\t<section class=\"elementor-section elementor-inner-section elementor-element elementor-element-00d3e10 elementor-section-boxed elementor-section-height-default elementor-section-height-default\" data-id=\"00d3e10\" data-element_type=\"section\" data-e-type=\"section\">\n\t\t\t\t\t\t<div class=\"elementor-container elementor-column-gap-default\">\n\t\t\t\t\t<div class=\"elementor-column elementor-col-50 elementor-inner-column elementor-element elementor-element-58096f9\" data-id=\"58096f9\" data-element_type=\"column\" data-e-type=\"column\">\n\t\t\t<div class=\"elementor-widget-wrap elementor-element-populated\">\n\t\t\t\t\t\t<div class=\"elementor-element elementor-element-7a4bc04 elementor-widget elementor-widget-heading\" data-id=\"7a4bc04\" data-element_type=\"widget\" data-e-type=\"widget\" data-widget_type=\"heading.default\">\n\t\t\t\t<div class=\"elementor-widget-container\">\n\t\t\t\t\t<h1 class=\"elementor-heading-title elementor-size-default\">PTFE laminierte Glasgewebe<\/h1>\t\t\t\t<\/div>\n\t\t\t\t<\/div>\n\t\t\t\t<div class=\"elementor-element elementor-element-0b6e865 elementor-widget elementor-widget-video\" data-id=\"0b6e865\" data-element_type=\"widget\" data-e-type=\"widget\" data-settings=\"{&quot;youtube_url&quot;:&quot;https:\\\/\\\/www.youtube.com\\\/watch?v=Yj37oyJKsv8&quot;,&quot;show_image_overlay&quot;:&quot;yes&quot;,&quot;image_overlay&quot;:{&quot;url&quot;:&quot;https:\\\/\\\/www.techbelt.com\\\/wp-content\\\/uploads\\\/2023\\\/05\\\/PTFE-laminierte-Glasgewebe.jpg&quot;,&quot;id&quot;:36293,&quot;size&quot;:&quot;&quot;,&quot;alt&quot;:&quot;PTFE laminierte Glasgewebe&quot;,&quot;source&quot;:&quot;library&quot;},&quot;video_type&quot;:&quot;youtube&quot;,&quot;controls&quot;:&quot;yes&quot;}\" data-widget_type=\"video.default\">\n\t\t\t\t<div class=\"elementor-widget-container\">\n\t\t\t\t\t\t\t<div class=\"elementor-wrapper elementor-open-inline\">\n\t\t\t<div class=\"elementor-video\"><\/div>\t\t\t\t<div class=\"elementor-custom-embed-image-overlay\" style=\"background-image: url(https:\/\/www.techbelt.com\/wp-content\/uploads\/2023\/05\/PTFE-laminierte-Glasgewebe.jpg);\">\n\t\t\t\t\t\t\t\t\t\t\t\t\t\t\t\t<div class=\"elementor-custom-embed-play\" role=\"button\" aria-label=\"Video abspielen \u00fcber PTFE laminierte Glasgewebe\" tabindex=\"0\">\n\t\t\t\t\t\t\t<i aria-hidden=\"true\" class=\"eicon-play\"><\/i>\t\t\t\t\t\t<\/div>\n\t\t\t\t\t\t\t\t\t<\/div>\n\t\t\t\t\t<\/div>\n\t\t\t\t\t\t<\/div>\n\t\t\t\t<\/div>\n\t\t\t\t<div class=\"elementor-element elementor-element-bfdf159 elementor-widget elementor-widget-text-editor\" data-id=\"bfdf159\" data-element_type=\"widget\" data-e-type=\"widget\" data-widget_type=\"text-editor.default\">\n\t\t\t\t<div class=\"elementor-widget-container\">\n\t\t\t\t\t\t\t\t\t<p>Bei Techbelt handelt es sich um einen unabh\u00e4ngigen Hersteller, der sich auf Hochtemperatur-Lebensmittelprozessb\u00e4nder spezialisiert hat. Mit Zugang zu einer breiten Palette von Materialien, die f\u00fcr die Lebensmittelherstellung geeignet sind, bieten wir hochwertige Optionen, die genau auf Ihre spezifischen Anforderungen zugeschnitten sind.<\/p><p>Anwendungen: Unsere Hochtemperatur-Lebensmittelb\u00e4nder sind vielseitig einsetzbar und ideal f\u00fcr verschiedene Anwendungen. Sie eignen sich hervorragend zum Pressen von Teig und sind perfekt f\u00fcr Produkte wie Tortillas, Naan-Brot und Pitta-Brot geeignet. Dar\u00fcber hinaus eignen sie sich auch f\u00fcr den Ofentransport dieser Artikel.<\/p><p>Je nach verwendeter Qualit\u00e4t sind unsere Lebensmittelprozessb\u00e4nder auch f\u00fcr die Hochvolumenproduktion von Fleischprodukten wie Speck, H\u00fchnerbrust, Burgern und Fleischb\u00e4llchen ausgelegt.<\/p><p>Merkmale und Vorteile: Alle unsere Lebensmittelprozessb\u00e4nder verf\u00fcgen \u00fcber speziell entwickelte Beschichtungen, die effektiv das Eindringen von Fett verhindern und ein Auslaufen vermeiden. Sie bieten eine robuste Oberfl\u00e4che, die verschlei\u00df- und schadensresistent ist und Kratzer und Durchstiche durch harte Teigst\u00fccke verhindert.<\/p><p>Um den Anforderungen der Branche gerecht zu werden, sind unsere lebensmittelgeeigneten B\u00e4nder in Blau erh\u00e4ltlich, einer g\u00e4ngigen Farbe in Lebensmittelverarbeitungsbetrieben. Blau ist leicht mit dem Auge erkennbar und kommt in Lebensmitteln nicht nat\u00fcrlich vor.<\/p><p>Material-Eigenschaften:<\/p><ul><li>Temperaturbest\u00e4ndig von -73\u00b0C bis +260\u00b0C<\/li><li>Chemisch inert<\/li><li>Best\u00e4ndig gegen Ultraviolett, Infrarot, Mikrowellen- und Radiofrequenzstrahlung<\/li><li>Lebensmittelzulassung durch die USFDA<\/li><li>Antihaft-Oberfl\u00e4che<\/li><li>Leichtgewichtig und energieeffizient f\u00fcr wirtschaftlichen Betrieb<\/li><\/ul><p>Zus\u00e4tzliche Informationen: Unsere spezialisierten Hochtemperatur-B\u00e4nder sind in Breiten bis zu 1500 mm erh\u00e4ltlich und k\u00f6nnen in verschiedenen Farben geliefert werden. Wir bieten Optionen f\u00fcr endlose B\u00e4nder oder B\u00e4nder mit anwendungsspezifischen Verbindungssystemen. Vor-Ort-Verbindungen k\u00f6nnen mit unserer speziellen Vulkanisier-Ausr\u00fcstung durchgef\u00fchrt werden.<\/p><p>W\u00e4hlen Sie Techbelt f\u00fcr zuverl\u00e4ssige und leistungsstarke Lebensmittelprozessb\u00e4nder, die genau auf Ihre Bed\u00fcrfnisse zugeschnitten sind. Kontaktieren Sie uns noch heute, um Ihre Anforderungen zu besprechen und unser umfassendes L\u00f6sungsangebot zu erkunden.<\/p><p><a href=\"https:\/\/www.techbelt.com\/continuous-contact-grilling\/\">https:\/\/www.techbelt.com\/continuous-contact-grilling\/<\/a><\/p><p><a href=\"https:\/\/www.youtube.com\/watch?v=Yj37oyJKsv8\">https:\/\/www.youtube.com\/watch?v=Yj37oyJKsv8<\/a><\/p>\t\t\t\t\t\t\t\t<\/div>\n\t\t\t\t<\/div>\n\t\t\t\t\t<\/div>\n\t\t<\/div>\n\t\t\t\t<div class=\"elementor-column elementor-col-50 elementor-inner-column elementor-element elementor-element-f4e8d68\" data-id=\"f4e8d68\" data-element_type=\"column\" data-e-type=\"column\">\n\t\t\t<div class=\"elementor-widget-wrap elementor-element-populated\">\n\t\t\t\t\t\t<div class=\"elementor-element elementor-element-1e78a6a elementor-widget elementor-widget-spacer\" data-id=\"1e78a6a\" data-element_type=\"widget\" data-e-type=\"widget\" data-widget_type=\"spacer.default\">\n\t\t\t\t<div class=\"elementor-widget-container\">\n\t\t\t\t\t\t\t<div class=\"elementor-spacer\">\n\t\t\t<div class=\"elementor-spacer-inner\"><\/div>\n\t\t<\/div>\n\t\t\t\t\t\t<\/div>\n\t\t\t\t<\/div>\n\t\t\t\t<div class=\"elementor-element elementor-element-106b17f elementor-hidden-phone elementor-widget-divider--view-line elementor-widget elementor-widget-divider\" data-id=\"106b17f\" data-element_type=\"widget\" data-e-type=\"widget\" data-widget_type=\"divider.default\">\n\t\t\t\t<div class=\"elementor-widget-container\">\n\t\t\t\t\t\t\t<div class=\"elementor-divider\">\n\t\t\t<span class=\"elementor-divider-separator\">\n\t\t\t\t\t\t<\/span>\n\t\t<\/div>\n\t\t\t\t\t\t<\/div>\n\t\t\t\t<\/div>\n\t\t\t\t<div class=\"elementor-element elementor-element-4d9ad28 elementor-grid-mobile-1 elementor-share-buttons--shape-rounded elementor-share-buttons--skin-flat elementor-share-buttons--view-icon-text elementor-grid-0 elementor-share-buttons--color-official elementor-widget elementor-widget-share-buttons\" data-id=\"4d9ad28\" data-element_type=\"widget\" data-e-type=\"widget\" data-widget_type=\"share-buttons.default\">\n\t\t\t\t<div class=\"elementor-widget-container\">\n\t\t\t\t\t\t\t<div class=\"elementor-grid\" role=\"list\">\n\t\t\t\t\t\t\t\t<div class=\"elementor-grid-item\" role=\"listitem\">\n\t\t\t\t\t\t<div class=\"elementor-share-btn elementor-share-btn_linkedin\" role=\"button\" tabindex=\"0\" aria-label=\"Teilen auf linkedin\">\n\t\t\t\t\t\t\t\t\t\t\t\t\t\t\t<span class=\"elementor-share-btn__icon\">\n\t\t\t\t\t\t\t\t<i class=\"fab fa-linkedin\" aria-hidden=\"true\"><\/i>\t\t\t\t\t\t\t<\/span>\n\t\t\t\t\t\t\t\t\t\t\t\t\t\t\t\t\t\t\t\t\t\t<div class=\"elementor-share-btn__text\">\n\t\t\t\t\t\t\t\t\t\t\t\t\t\t\t\t\t\t\t<span class=\"elementor-share-btn__title\">\n\t\t\t\t\t\t\t\t\t\tLinkedIn\t\t\t\t\t\t\t\t\t<\/span>\n\t\t\t\t\t\t\t\t\t\t\t\t\t\t\t\t\t<\/div>\n\t\t\t\t\t\t\t\t\t\t\t\t\t<\/div>\n\t\t\t\t\t<\/div>\n\t\t\t\t\t\t\t\t\t<div class=\"elementor-grid-item\" role=\"listitem\">\n\t\t\t\t\t\t<div class=\"elementor-share-btn elementor-share-btn_facebook\" role=\"button\" tabindex=\"0\" aria-label=\"Teilen auf facebook\">\n\t\t\t\t\t\t\t\t\t\t\t\t\t\t\t<span class=\"elementor-share-btn__icon\">\n\t\t\t\t\t\t\t\t<i class=\"fab fa-facebook\" aria-hidden=\"true\"><\/i>\t\t\t\t\t\t\t<\/span>\n\t\t\t\t\t\t\t\t\t\t\t\t\t\t\t\t\t\t\t\t\t\t<div class=\"elementor-share-btn__text\">\n\t\t\t\t\t\t\t\t\t\t\t\t\t\t\t\t\t\t\t<span class=\"elementor-share-btn__title\">\n\t\t\t\t\t\t\t\t\t\tFacebook\t\t\t\t\t\t\t\t\t<\/span>\n\t\t\t\t\t\t\t\t\t\t\t\t\t\t\t\t\t<\/div>\n\t\t\t\t\t\t\t\t\t\t\t\t\t<\/div>\n\t\t\t\t\t<\/div>\n\t\t\t\t\t\t\t\t\t<div class=\"elementor-grid-item\" role=\"listitem\">\n\t\t\t\t\t\t<div class=\"elementor-share-btn elementor-share-btn_email\" role=\"button\" tabindex=\"0\" aria-label=\"Teilen auf email\">\n\t\t\t\t\t\t\t\t\t\t\t\t\t\t\t<span class=\"elementor-share-btn__icon\">\n\t\t\t\t\t\t\t\t<i class=\"fas fa-envelope\" aria-hidden=\"true\"><\/i>\t\t\t\t\t\t\t<\/span>\n\t\t\t\t\t\t\t\t\t\t\t\t\t\t\t\t\t\t\t\t\t\t<div class=\"elementor-share-btn__text\">\n\t\t\t\t\t\t\t\t\t\t\t\t\t\t\t\t\t\t\t<span class=\"elementor-share-btn__title\">\n\t\t\t\t\t\t\t\t\t\tEmail\t\t\t\t\t\t\t\t\t<\/span>\n\t\t\t\t\t\t\t\t\t\t\t\t\t\t\t\t\t<\/div>\n\t\t\t\t\t\t\t\t\t\t\t\t\t<\/div>\n\t\t\t\t\t<\/div>\n\t\t\t\t\t\t\t\t\t<div class=\"elementor-grid-item\" role=\"listitem\">\n\t\t\t\t\t\t<div class=\"elementor-share-btn elementor-share-btn_twitter\" role=\"button\" tabindex=\"0\" aria-label=\"Teilen auf twitter\">\n\t\t\t\t\t\t\t\t\t\t\t\t\t\t\t<span class=\"elementor-share-btn__icon\">\n\t\t\t\t\t\t\t\t<i class=\"fab fa-twitter\" aria-hidden=\"true\"><\/i>\t\t\t\t\t\t\t<\/span>\n\t\t\t\t\t\t\t\t\t\t\t\t\t\t\t\t\t\t\t\t\t\t<div class=\"elementor-share-btn__text\">\n\t\t\t\t\t\t\t\t\t\t\t\t\t\t\t\t\t\t\t<span class=\"elementor-share-btn__title\">\n\t\t\t\t\t\t\t\t\t\tTwitter\t\t\t\t\t\t\t\t\t<\/span>\n\t\t\t\t\t\t\t\t\t\t\t\t\t\t\t\t\t<\/div>\n\t\t\t\t\t\t\t\t\t\t\t\t\t<\/div>\n\t\t\t\t\t<\/div>\n\t\t\t\t\t\t\t\t\t<div class=\"elementor-grid-item\" role=\"listitem\">\n\t\t\t\t\t\t<div class=\"elementor-share-btn elementor-share-btn_whatsapp\" role=\"button\" tabindex=\"0\" aria-label=\"Teilen auf whatsapp\">\n\t\t\t\t\t\t\t\t\t\t\t\t\t\t\t<span class=\"elementor-share-btn__icon\">\n\t\t\t\t\t\t\t\t<i class=\"fab fa-whatsapp\" aria-hidden=\"true\"><\/i>\t\t\t\t\t\t\t<\/span>\n\t\t\t\t\t\t\t\t\t\t\t\t\t\t\t\t\t\t\t\t\t\t<div class=\"elementor-share-btn__text\">\n\t\t\t\t\t\t\t\t\t\t\t\t\t\t\t\t\t\t\t<span class=\"elementor-share-btn__title\">\n\t\t\t\t\t\t\t\t\t\tWhatsApp\t\t\t\t\t\t\t\t\t<\/span>\n\t\t\t\t\t\t\t\t\t\t\t\t\t\t\t\t\t<\/div>\n\t\t\t\t\t\t\t\t\t\t\t\t\t<\/div>\n\t\t\t\t\t<\/div>\n\t\t\t\t\t\t<\/div>\n\t\t\t\t\t\t<\/div>\n\t\t\t\t<\/div>\n\t\t\t\t<div class=\"elementor-element elementor-element-b53761d elementor-hidden-phone elementor-widget-divider--view-line elementor-widget elementor-widget-divider\" data-id=\"b53761d\" data-element_type=\"widget\" data-e-type=\"widget\" data-widget_type=\"divider.default\">\n\t\t\t\t<div class=\"elementor-widget-container\">\n\t\t\t\t\t\t\t<div class=\"elementor-divider\">\n\t\t\t<span class=\"elementor-divider-separator\">\n\t\t\t\t\t\t<\/span>\n\t\t<\/div>\n\t\t\t\t\t\t<\/div>\n\t\t\t\t<\/div>\n\t\t\t\t<div class=\"elementor-element elementor-element-9b3d06c elementor-view-default elementor-position-block-start elementor-mobile-position-block-start elementor-widget elementor-widget-icon-box\" data-id=\"9b3d06c\" data-element_type=\"widget\" data-e-type=\"widget\" data-widget_type=\"icon-box.default\">\n\t\t\t\t<div class=\"elementor-widget-container\">\n\t\t\t\t\t\t\t<div class=\"elementor-icon-box-wrapper\">\n\n\t\t\t\t\t\t<div class=\"elementor-icon-box-icon\">\n\t\t\t\t<a href=\"https:\/\/www.techbelt.com\/shipping\/\" class=\"elementor-icon\" tabindex=\"-1\" aria-label=\"Weltweiter Versand\">\n\t\t\t\t<i aria-hidden=\"true\" class=\"fab fa-ups\"><\/i>\t\t\t\t<\/a>\n\t\t\t<\/div>\n\t\t\t\n\t\t\t\t\t\t<div class=\"elementor-icon-box-content\">\n\n\t\t\t\t\t\t\t\t\t<h1 class=\"elementor-icon-box-title\">\n\t\t\t\t\t\t<a href=\"https:\/\/www.techbelt.com\/shipping\/\" >\n\t\t\t\t\t\t\tWeltweiter Versand\t\t\t\t\t\t<\/a>\n\t\t\t\t\t<\/h1>\n\t\t\t\t\n\t\t\t\t\t\t\t\t\t<p class=\"elementor-icon-box-description\">\n\t\t\t\t\t\tFinde mehr heraus\t\t\t\t\t<\/p>\n\t\t\t\t\n\t\t\t<\/div>\n\t\t\t\n\t\t<\/div>\n\t\t\t\t\t\t<\/div>\n\t\t\t\t<\/div>\n\t\t\t\t\t<\/div>\n\t\t<\/div>\n\t\t\t\t\t<\/div>\n\t\t<\/section>\n\t\t\t\t\t<\/div>\n\t\t<\/div>\n\t\t\t\t\t<\/div>\n\t\t<\/section>\n\t\t\t\t<\/div>\n\t\t","protected":false},"excerpt":{"rendered":"<p>PTFE laminierte Glasgewebe https:\/\/www.youtube.com\/watch?v=Yj37oyJKsv8 Bei Techbelt handelt es sich um einen unabh\u00e4ngigen Hersteller, der sich auf Hochtemperatur-Lebensmittelprozessb\u00e4nder spezialisiert hat. Mit Zugang zu einer breiten Palette von Materialien, die f\u00fcr die Lebensmittelherstellung geeignet sind, bieten wir hochwertige Optionen, die genau auf Ihre spezifischen Anforderungen zugeschnitten sind. Anwendungen: Unsere Hochtemperatur-Lebensmittelb\u00e4nder sind vielseitig einsetzbar und ideal f\u00fcr verschiedene [&hellip;]<\/p>\n","protected":false},"author":1,"featured_media":0,"parent":0,"menu_order":0,"comment_status":"closed","ping_status":"closed","template":"elementor_header_footer","meta":{"footnotes":""},"class_list":["post-36291","page","type-page","status-publish","hentry"],"yoast_head":"<!-- This site is optimized with the Yoast SEO Premium plugin v27.4 (Yoast SEO v27.4) - https:\/\/yoast.com\/product\/yoast-seo-premium-wordpress\/ -->\n<title>PTFE laminierte Glasgewebe<\/title>\n<meta name=\"description\" content=\"%\" \/>\n<meta name=\"robots\" content=\"index, follow, max-snippet:-1, max-image-preview:large, max-video-preview:-1\" \/>\n<link rel=\"canonical\" href=\"https:\/\/www.techbelt.com\/de\/ptfe-laminierte-glasgewebe\/\" \/>\n<meta property=\"og:locale\" content=\"de_DE\" \/>\n<meta property=\"og:type\" content=\"article\" \/>\n<meta property=\"og:title\" content=\"PTFE laminierte Glasgewebe\" \/>\n<meta property=\"og:description\" content=\"PTFE laminierte Glasgewebe https:\/\/www.youtube.com\/watch?v=Yj37oyJKsv8Bei Techbelt handelt es sich um einen unabh\u00e4ngigen Hersteller, der sich auf\" \/>\n<meta property=\"og:url\" content=\"https:\/\/www.techbelt.com\/de\/ptfe-laminierte-glasgewebe\/\" \/>\n<meta property=\"og:site_name\" content=\"Techbelt | Conveyor Belts | PTFE | Teflon Tape | PTFE Belting\" \/>\n<meta property=\"article:publisher\" content=\"https:\/\/www.facebook.com\/techbeltuk\/\" \/>\n<meta property=\"article:modified_time\" content=\"2023-05-25T15:26:55+00:00\" \/>\n<meta name=\"twitter:card\" content=\"summary_large_image\" \/>\n<meta name=\"twitter:site\" content=\"@techbeltuk\" \/>\n<meta name=\"twitter:label1\" content=\"Gesch\u00e4tzte Lesezeit\" \/>\n\t<meta name=\"twitter:data1\" content=\"2\u00a0Minuten\" \/>\n<script type=\"application\/ld+json\" class=\"yoast-schema-graph\">{\"@context\":\"https:\\\/\\\/schema.org\",\"@graph\":[{\"@type\":\"WebPage\",\"@id\":\"https:\\\/\\\/www.techbelt.com\\\/de\\\/ptfe-laminierte-glasgewebe\\\/\",\"url\":\"https:\\\/\\\/www.techbelt.com\\\/de\\\/ptfe-laminierte-glasgewebe\\\/\",\"name\":\"PTFE laminierte Glasgewebe\",\"isPartOf\":{\"@id\":\"https:\\\/\\\/www.techbelt.com\\\/de\\\/#website\"},\"datePublished\":\"2023-05-25T14:56:53+00:00\",\"dateModified\":\"2023-05-25T15:26:55+00:00\",\"description\":\"%\",\"breadcrumb\":{\"@id\":\"https:\\\/\\\/www.techbelt.com\\\/de\\\/ptfe-laminierte-glasgewebe\\\/#breadcrumb\"},\"inLanguage\":\"de\",\"potentialAction\":[{\"@type\":\"ReadAction\",\"target\":[\"https:\\\/\\\/www.techbelt.com\\\/de\\\/ptfe-laminierte-glasgewebe\\\/\"]}]},{\"@type\":\"BreadcrumbList\",\"@id\":\"https:\\\/\\\/www.techbelt.com\\\/de\\\/ptfe-laminierte-glasgewebe\\\/#breadcrumb\",\"itemListElement\":[{\"@type\":\"ListItem\",\"position\":1,\"name\":\"Home\",\"item\":\"https:\\\/\\\/www.techbelt.com\\\/de\\\/\"},{\"@type\":\"ListItem\",\"position\":2,\"name\":\"PTFE laminierte Glasgewebe\"}]},{\"@type\":\"WebSite\",\"@id\":\"https:\\\/\\\/www.techbelt.com\\\/de\\\/#website\",\"url\":\"https:\\\/\\\/www.techbelt.com\\\/de\\\/\",\"name\":\"Techbelt | Conveyor Belts | PTFE | Teflon Tape | PTFE Belting\",\"description\":\"Conveyor Belts - Global Manufacturer - Worldwide Shipping\",\"publisher\":{\"@id\":\"https:\\\/\\\/www.techbelt.com\\\/de\\\/#organization\"},\"potentialAction\":[{\"@type\":\"SearchAction\",\"target\":{\"@type\":\"EntryPoint\",\"urlTemplate\":\"https:\\\/\\\/www.techbelt.com\\\/de\\\/?s={search_term_string}\"},\"query-input\":{\"@type\":\"PropertyValueSpecification\",\"valueRequired\":true,\"valueName\":\"search_term_string\"}}],\"inLanguage\":\"de\"},{\"@type\":\"Organization\",\"@id\":\"https:\\\/\\\/www.techbelt.com\\\/de\\\/#organization\",\"name\":\"Techbelt\",\"url\":\"https:\\\/\\\/www.techbelt.com\\\/de\\\/\",\"logo\":{\"@type\":\"ImageObject\",\"inLanguage\":\"de\",\"@id\":\"https:\\\/\\\/www.techbelt.com\\\/de\\\/#\\\/schema\\\/logo\\\/image\\\/\",\"url\":\"https:\\\/\\\/www.techbelt.com\\\/wp-content\\\/uploads\\\/2019\\\/05\\\/techbelt-icon.png\",\"contentUrl\":\"https:\\\/\\\/www.techbelt.com\\\/wp-content\\\/uploads\\\/2019\\\/05\\\/techbelt-icon.png\",\"width\":512,\"height\":512,\"caption\":\"Techbelt\"},\"image\":{\"@id\":\"https:\\\/\\\/www.techbelt.com\\\/de\\\/#\\\/schema\\\/logo\\\/image\\\/\"},\"sameAs\":[\"https:\\\/\\\/www.facebook.com\\\/techbeltuk\\\/\",\"https:\\\/\\\/x.com\\\/techbeltuk\",\"https:\\\/\\\/www.instagram.com\\\/techbeltuk\\\/?hl=en\",\"https:\\\/\\\/www.linkedin.com\\\/company\\\/techbelt\\\/\",\"https:\\\/\\\/www.youtube.com\\\/channel\\\/UCLM7Z91fT9w3_CskdVYrtYQ\"]}]}<\/script>\n<!-- \/ Yoast SEO Premium plugin. -->","yoast_head_json":{"title":"PTFE laminierte Glasgewebe","description":"%","robots":{"index":"index","follow":"follow","max-snippet":"max-snippet:-1","max-image-preview":"max-image-preview:large","max-video-preview":"max-video-preview:-1"},"canonical":"https:\/\/www.techbelt.com\/de\/ptfe-laminierte-glasgewebe\/","og_locale":"de_DE","og_type":"article","og_title":"PTFE laminierte Glasgewebe","og_description":"PTFE laminierte Glasgewebe https:\/\/www.youtube.com\/watch?v=Yj37oyJKsv8Bei Techbelt handelt es sich um einen unabh\u00e4ngigen Hersteller, der sich auf","og_url":"https:\/\/www.techbelt.com\/de\/ptfe-laminierte-glasgewebe\/","og_site_name":"Techbelt | Conveyor Belts | PTFE | Teflon Tape | PTFE Belting","article_publisher":"https:\/\/www.facebook.com\/techbeltuk\/","article_modified_time":"2023-05-25T15:26:55+00:00","twitter_card":"summary_large_image","twitter_site":"@techbeltuk","twitter_misc":{"Gesch\u00e4tzte Lesezeit":"2\u00a0Minuten"},"schema":{"@context":"https:\/\/schema.org","@graph":[{"@type":"WebPage","@id":"https:\/\/www.techbelt.com\/de\/ptfe-laminierte-glasgewebe\/","url":"https:\/\/www.techbelt.com\/de\/ptfe-laminierte-glasgewebe\/","name":"PTFE laminierte Glasgewebe","isPartOf":{"@id":"https:\/\/www.techbelt.com\/de\/#website"},"datePublished":"2023-05-25T14:56:53+00:00","dateModified":"2023-05-25T15:26:55+00:00","description":"%","breadcrumb":{"@id":"https:\/\/www.techbelt.com\/de\/ptfe-laminierte-glasgewebe\/#breadcrumb"},"inLanguage":"de","potentialAction":[{"@type":"ReadAction","target":["https:\/\/www.techbelt.com\/de\/ptfe-laminierte-glasgewebe\/"]}]},{"@type":"BreadcrumbList","@id":"https:\/\/www.techbelt.com\/de\/ptfe-laminierte-glasgewebe\/#breadcrumb","itemListElement":[{"@type":"ListItem","position":1,"name":"Home","item":"https:\/\/www.techbelt.com\/de\/"},{"@type":"ListItem","position":2,"name":"PTFE laminierte Glasgewebe"}]},{"@type":"WebSite","@id":"https:\/\/www.techbelt.com\/de\/#website","url":"https:\/\/www.techbelt.com\/de\/","name":"Techbelt | Conveyor Belts | PTFE | Teflon Tape | PTFE Belting","description":"Conveyor Belts - Global Manufacturer - Worldwide Shipping","publisher":{"@id":"https:\/\/www.techbelt.com\/de\/#organization"},"potentialAction":[{"@type":"SearchAction","target":{"@type":"EntryPoint","urlTemplate":"https:\/\/www.techbelt.com\/de\/?s={search_term_string}"},"query-input":{"@type":"PropertyValueSpecification","valueRequired":true,"valueName":"search_term_string"}}],"inLanguage":"de"},{"@type":"Organization","@id":"https:\/\/www.techbelt.com\/de\/#organization","name":"Techbelt","url":"https:\/\/www.techbelt.com\/de\/","logo":{"@type":"ImageObject","inLanguage":"de","@id":"https:\/\/www.techbelt.com\/de\/#\/schema\/logo\/image\/","url":"https:\/\/www.techbelt.com\/wp-content\/uploads\/2019\/05\/techbelt-icon.png","contentUrl":"https:\/\/www.techbelt.com\/wp-content\/uploads\/2019\/05\/techbelt-icon.png","width":512,"height":512,"caption":"Techbelt"},"image":{"@id":"https:\/\/www.techbelt.com\/de\/#\/schema\/logo\/image\/"},"sameAs":["https:\/\/www.facebook.com\/techbeltuk\/","https:\/\/x.com\/techbeltuk","https:\/\/www.instagram.com\/techbeltuk\/?hl=en","https:\/\/www.linkedin.com\/company\/techbelt\/","https:\/\/www.youtube.com\/channel\/UCLM7Z91fT9w3_CskdVYrtYQ"]}]}},"jetpack_sharing_enabled":true,"_links":{"self":[{"href":"https:\/\/www.techbelt.com\/de\/wp-json\/wp\/v2\/pages\/36291","targetHints":{"allow":["GET"]}}],"collection":[{"href":"https:\/\/www.techbelt.com\/de\/wp-json\/wp\/v2\/pages"}],"about":[{"href":"https:\/\/www.techbelt.com\/de\/wp-json\/wp\/v2\/types\/page"}],"author":[{"embeddable":true,"href":"https:\/\/www.techbelt.com\/de\/wp-json\/wp\/v2\/users\/1"}],"replies":[{"embeddable":true,"href":"https:\/\/www.techbelt.com\/de\/wp-json\/wp\/v2\/comments?post=36291"}],"version-history":[{"count":5,"href":"https:\/\/www.techbelt.com\/de\/wp-json\/wp\/v2\/pages\/36291\/revisions"}],"predecessor-version":[{"id":36302,"href":"https:\/\/www.techbelt.com\/de\/wp-json\/wp\/v2\/pages\/36291\/revisions\/36302"}],"wp:attachment":[{"href":"https:\/\/www.techbelt.com\/de\/wp-json\/wp\/v2\/media?parent=36291"}],"curies":[{"name":"wp","href":"https:\/\/api.w.org\/{rel}","templated":true}]}}