{"id":38166,"date":"2024-01-23T14:12:19","date_gmt":"2024-01-23T14:12:19","guid":{"rendered":"https:\/\/www.techbelt.com\/?page_id=38166"},"modified":"2024-01-23T14:12:19","modified_gmt":"2024-01-23T14:12:19","slug":"ptfe-klebeband-2","status":"publish","type":"page","link":"https:\/\/www.techbelt.com\/de\/ptfe-klebeband-2\/","title":{"rendered":"PTFE Klebeband"},"content":{"rendered":"<div class=\"flex-1 overflow-hidden\">\n<div class=\"react-scroll-to-bottom--css-pnmtx-79elbk h-full\">\n<div class=\"react-scroll-to-bottom--css-pnmtx-1n7m0yu\">\n<div class=\"flex flex-col pb-9 text-sm\">\n<div class=\"w-full text-token-text-primary\" data-testid=\"conversation-turn-3\">\n<div class=\"px-4 py-2 justify-center text-base md:gap-6 m-auto\">\n<div class=\"flex flex-1 text-base mx-auto gap-3 md:px-5 lg:px-1 xl:px-5 md:max-w-3xl lg:max-w-[40rem] xl:max-w-[48rem] group final-completion\">\n<div class=\"relative flex w-full flex-col lg:w-[calc(100%-115px)] agent-turn\">\n<div class=\"flex-col gap-1 md:gap-3\">\n<div class=\"flex flex-grow flex-col max-w-full\">\n<div class=\"min-h-[20px] text-message flex flex-col items-start gap-3 whitespace-pre-wrap break-words [.text-message+&amp;]:mt-5 overflow-x-auto\" data-message-author-role=\"assistant\" data-message-id=\"880e9e41-290e-4e8b-a0a1-0b8f335515b5\">\n<div class=\"markdown prose w-full break-words dark:prose-invert dark\">\n<p>Willkommen bei Techbelt &#8211; Ihrer ersten Anlaufstelle f\u00fcr leistungsstarke PTFE-Klebeband, die f\u00fcr ihre au\u00dfergew\u00f6hnlichen Freisetzungsmerkmale bei extremen Temperaturen bekannt sind. Hergestellt aus Polytetrafluorethylen (<a href=\"https:\/\/en.wikipedia.org\/wiki\/Polytetrafluoroethylene\">PTFE<\/a>), allgemein als Teflon bekannt, bieten unsere B\u00e4nder einzigartige Vorteile, die sie in der Branche hervorheben.<\/p>\n<\/div>\n<\/div>\n<figure id=\"attachment_36381\" aria-describedby=\"caption-attachment-36381\" style=\"width: 451px\" class=\"wp-caption aligncenter\"><a href=\"https:\/\/www.techbelt.com\/wp-content\/uploads\/2023\/06\/adheisve-tape.jpg\"><img fetchpriority=\"high\" decoding=\"async\" class=\" wp-image-36381\" src=\"https:\/\/www.techbelt.com\/wp-content\/uploads\/2023\/06\/adheisve-tape-300x125.jpg\" alt=\"PTFE Klebeband \" width=\"451\" height=\"188\" srcset=\"https:\/\/www.techbelt.com\/wp-content\/uploads\/2023\/06\/adheisve-tape-300x125.jpg 300w, https:\/\/www.techbelt.com\/wp-content\/uploads\/2023\/06\/adheisve-tape-1024x427.jpg 1024w, https:\/\/www.techbelt.com\/wp-content\/uploads\/2023\/06\/adheisve-tape-768x320.jpg 768w, https:\/\/www.techbelt.com\/wp-content\/uploads\/2023\/06\/adheisve-tape-1536x640.jpg 1536w, https:\/\/www.techbelt.com\/wp-content\/uploads\/2023\/06\/adheisve-tape-457x190.jpg 457w, https:\/\/www.techbelt.com\/wp-content\/uploads\/2023\/06\/adheisve-tape.jpg 1920w\" sizes=\"(max-width: 451px) 100vw, 451px\" \/><\/a><figcaption id=\"caption-attachment-36381\" class=\"wp-caption-text\">PTFE Klebeband<\/figcaption><\/figure>\n<p>&nbsp;<\/p>\n<div class=\"min-h-[20px] text-message flex flex-col items-start gap-3 whitespace-pre-wrap break-words [.text-message+&amp;]:mt-5 overflow-x-auto\" data-message-author-role=\"assistant\" data-message-id=\"880e9e41-290e-4e8b-a0a1-0b8f335515b5\">\n<div class=\"markdown prose w-full break-words dark:prose-invert dark\">\n<p>Hauptproduktmerkmale:<\/p>\n<p>PTFE-B\u00e4nder in f\u00fcnf Qualit\u00e4tsstufen: Entdecken Sie vielseitige B\u00e4nder von 0,08 mm bis 0,14 mm f\u00fcr verschiedene Anwendungen. Gro\u00dfe Auswahl an Gr\u00f6\u00dfen: Unsere B\u00e4nder, erh\u00e4ltlich in geschnittener Rollenform mit Breiten von 10 mm bis 1000 mm und in 30-Meter-Rollen, bieten Flexibilit\u00e4t f\u00fcr unterschiedliche Anforderungen. Temperaturbest\u00e4ndigkeit: Tefsil 3, 5, 6, 10 &amp; 14AD widerstehen Temperaturen bis zu 260 \u00b0C und gew\u00e4hrleisten Zuverl\u00e4ssigkeit unter anspruchsvollen Bedingungen. Schnelle L\u00f6sungen f\u00fcr dringende Bed\u00fcrfnisse: Bestellen Sie mit Vertrauen &#8211; wir garantieren den Versand am selben Tag, was unsere PTFE-B\u00e4nder ideal f\u00fcr dringende Anforderungen macht.<\/p>\n<p>Globale Anpassungsoptionen: Techbelt ber\u00fccksichtigt spezifische Bed\u00fcrfnisse und bietet Anpassungen wie Sondergr\u00f6\u00dfen oder spezielle Breiten mit nahtlosem Versand, Zollabfertigung und Lieferung an mehr als 30 Zielen weltweit.<\/p>\n<p>Vertrauen Sie auf Branchenkenntnisse: Profitieren Sie von \u00fcber 80 Jahren Branchenerfahrung. Unser technisches Verkaufsteam ist darauf spezialisiert, den besten Service und Beratung, ma\u00dfgeschneidert auf Ihre Bed\u00fcrfnisse, zu bieten.<\/p>\n<p>Bereit, Ihre Projekte mit den PTFE-Klebeb\u00e4ndern von Techbelt zu verbessern? Kontaktieren Sie uns noch heute unter +44 (0) 1422 366386 oder <a target=\"_new\" rel=\"noopener\">sales@techbelt.com<\/a><\/p>\n<\/div>\n<p><a href=\"https:\/\/www.linkedin.com\/company\/techbelt\/mycompany\/verification\/?viewAsMember=true\">LInkedIn<\/a><\/p>\n<\/div>\n<\/div>\n<\/div>\n<\/div>\n<\/div>\n<\/div>\n<\/div>\n<\/div>\n<\/div>\n<\/div>\n<\/div>\n","protected":false},"excerpt":{"rendered":"<p>Willkommen bei Techbelt &#8211; Ihrer ersten Anlaufstelle f\u00fcr leistungsstarke PTFE-Klebeband, die f\u00fcr ihre au\u00dfergew\u00f6hnlichen Freisetzungsmerkmale bei extremen Temperaturen bekannt sind. Hergestellt aus Polytetrafluorethylen (PTFE), allgemein als Teflon bekannt, bieten unsere B\u00e4nder einzigartige Vorteile, die sie in der Branche hervorheben. &nbsp; Hauptproduktmerkmale: PTFE-B\u00e4nder in f\u00fcnf Qualit\u00e4tsstufen: Entdecken Sie vielseitige B\u00e4nder von 0,08 mm bis 0,14 mm [&hellip;]<\/p>\n","protected":false},"author":1,"featured_media":0,"parent":0,"menu_order":0,"comment_status":"closed","ping_status":"closed","template":"","meta":{"footnotes":""},"class_list":["post-38166","page","type-page","status-publish","hentry"],"yoast_head":"<!-- This site is optimized with the Yoast SEO Premium plugin v27.5 (Yoast SEO v27.5) - https:\/\/yoast.com\/product\/yoast-seo-premium-wordpress\/ -->\n<title>PTFE Klebeband<\/title>\n<meta name=\"description\" content=\"Entdecken Sie erstklassige PTFE-Klebeb\u00e4nder von Techbelt \u2013 perfekt f\u00fcr extreme Temperaturen. Bestellen Sie jetzt f\u00fcr zuverl\u00e4ssige L\u00f6sungen!\" \/>\n<meta name=\"robots\" content=\"index, follow, max-snippet:-1, max-image-preview:large, max-video-preview:-1\" \/>\n<link rel=\"canonical\" href=\"https:\/\/www.techbelt.com\/de\/ptfe-klebeband-2\/\" \/>\n<meta property=\"og:locale\" content=\"de_DE\" \/>\n<meta property=\"og:type\" content=\"article\" \/>\n<meta property=\"og:title\" content=\"PTFE Klebeband\" \/>\n<meta property=\"og:description\" content=\"Willkommen bei Techbelt - Ihrer ersten Anlaufstelle f\u00fcr leistungsstarke PTFE-Klebeband, die f\u00fcr ihre au\u00dfergew\u00f6hnlichen Freisetzungsmerkmale bei extremen\" \/>\n<meta property=\"og:url\" content=\"https:\/\/www.techbelt.com\/de\/ptfe-klebeband-2\/\" \/>\n<meta property=\"og:site_name\" content=\"Techbelt | Conveyor Belts | PTFE | Teflon Tape | PTFE Belting\" \/>\n<meta property=\"article:publisher\" content=\"https:\/\/www.facebook.com\/techbeltuk\/\" \/>\n<meta property=\"og:image\" content=\"https:\/\/www.techbelt.com\/wp-content\/uploads\/2023\/06\/adheisve-tape-300x125.jpg\" \/>\n<meta name=\"twitter:card\" content=\"summary_large_image\" \/>\n<meta name=\"twitter:site\" content=\"@techbeltuk\" \/>\n<meta name=\"twitter:label1\" content=\"Gesch\u00e4tzte Lesezeit\" \/>\n\t<meta name=\"twitter:data1\" content=\"2\u00a0Minuten\" \/>\n<script type=\"application\/ld+json\" class=\"yoast-schema-graph\">{\"@context\":\"https:\\\/\\\/schema.org\",\"@graph\":[{\"@type\":\"WebPage\",\"@id\":\"https:\\\/\\\/www.techbelt.com\\\/de\\\/ptfe-klebeband-2\\\/\",\"url\":\"https:\\\/\\\/www.techbelt.com\\\/de\\\/ptfe-klebeband-2\\\/\",\"name\":\"PTFE Klebeband\",\"isPartOf\":{\"@id\":\"https:\\\/\\\/www.techbelt.com\\\/de\\\/#website\"},\"primaryImageOfPage\":{\"@id\":\"https:\\\/\\\/www.techbelt.com\\\/de\\\/ptfe-klebeband-2\\\/#primaryimage\"},\"image\":{\"@id\":\"https:\\\/\\\/www.techbelt.com\\\/de\\\/ptfe-klebeband-2\\\/#primaryimage\"},\"thumbnailUrl\":\"https:\\\/\\\/www.techbelt.com\\\/wp-content\\\/uploads\\\/2023\\\/06\\\/adheisve-tape-300x125.jpg\",\"datePublished\":\"2024-01-23T14:12:19+00:00\",\"description\":\"Entdecken Sie erstklassige PTFE-Klebeb\u00e4nder von Techbelt \u2013 perfekt f\u00fcr extreme Temperaturen. Bestellen Sie jetzt f\u00fcr zuverl\u00e4ssige L\u00f6sungen!\",\"breadcrumb\":{\"@id\":\"https:\\\/\\\/www.techbelt.com\\\/de\\\/ptfe-klebeband-2\\\/#breadcrumb\"},\"inLanguage\":\"de\",\"potentialAction\":[{\"@type\":\"ReadAction\",\"target\":[\"https:\\\/\\\/www.techbelt.com\\\/de\\\/ptfe-klebeband-2\\\/\"]}]},{\"@type\":\"ImageObject\",\"inLanguage\":\"de\",\"@id\":\"https:\\\/\\\/www.techbelt.com\\\/de\\\/ptfe-klebeband-2\\\/#primaryimage\",\"url\":\"https:\\\/\\\/www.techbelt.com\\\/wp-content\\\/uploads\\\/2023\\\/06\\\/adheisve-tape-300x125.jpg\",\"contentUrl\":\"https:\\\/\\\/www.techbelt.com\\\/wp-content\\\/uploads\\\/2023\\\/06\\\/adheisve-tape-300x125.jpg\"},{\"@type\":\"BreadcrumbList\",\"@id\":\"https:\\\/\\\/www.techbelt.com\\\/de\\\/ptfe-klebeband-2\\\/#breadcrumb\",\"itemListElement\":[{\"@type\":\"ListItem\",\"position\":1,\"name\":\"Home\",\"item\":\"https:\\\/\\\/www.techbelt.com\\\/de\\\/\"},{\"@type\":\"ListItem\",\"position\":2,\"name\":\"PTFE Klebeband\"}]},{\"@type\":\"WebSite\",\"@id\":\"https:\\\/\\\/www.techbelt.com\\\/de\\\/#website\",\"url\":\"https:\\\/\\\/www.techbelt.com\\\/de\\\/\",\"name\":\"Techbelt | Conveyor Belts | PTFE | Teflon Tape | PTFE Belting\",\"description\":\"Conveyor Belts - Global Manufacturer - Worldwide Shipping\",\"publisher\":{\"@id\":\"https:\\\/\\\/www.techbelt.com\\\/de\\\/#organization\"},\"potentialAction\":[{\"@type\":\"SearchAction\",\"target\":{\"@type\":\"EntryPoint\",\"urlTemplate\":\"https:\\\/\\\/www.techbelt.com\\\/de\\\/?s={search_term_string}\"},\"query-input\":{\"@type\":\"PropertyValueSpecification\",\"valueRequired\":true,\"valueName\":\"search_term_string\"}}],\"inLanguage\":\"de\"},{\"@type\":\"Organization\",\"@id\":\"https:\\\/\\\/www.techbelt.com\\\/de\\\/#organization\",\"name\":\"Techbelt Ltd\",\"alternateName\":\"Techbelt\",\"url\":\"https:\\\/\\\/www.techbelt.com\\\/de\\\/\",\"logo\":{\"@type\":\"ImageObject\",\"inLanguage\":\"de\",\"@id\":\"https:\\\/\\\/www.techbelt.com\\\/de\\\/#\\\/schema\\\/logo\\\/image\\\/\",\"url\":\"https:\\\/\\\/www.techbelt.com\\\/wp-content\\\/uploads\\\/2019\\\/05\\\/techbelt-icon.png\",\"contentUrl\":\"https:\\\/\\\/www.techbelt.com\\\/wp-content\\\/uploads\\\/2019\\\/05\\\/techbelt-icon.png\",\"width\":512,\"height\":512,\"caption\":\"Techbelt Ltd\"},\"image\":{\"@id\":\"https:\\\/\\\/www.techbelt.com\\\/de\\\/#\\\/schema\\\/logo\\\/image\\\/\"},\"sameAs\":[\"https:\\\/\\\/www.facebook.com\\\/techbeltuk\\\/\",\"https:\\\/\\\/x.com\\\/techbeltuk\",\"https:\\\/\\\/mastodon.social\\\/@techbelt\",\"https:\\\/\\\/www.instagram.com\\\/techbeltuk\\\/?hl=en\",\"https:\\\/\\\/www.linkedin.com\\\/company\\\/techbelt\\\/\",\"https:\\\/\\\/www.youtube.com\\\/channel\\\/UCLM7Z91fT9w3_CskdVYrtYQ\"],\"description\":\"Our core focus remains on delivering high-quality conveying solutions, supported by an extended range of conveyor belting options to meet broader application requirements. We are committed to ensuring our customers receive exactly what they need, quickly and efficiently. Delays in responses or extended lead times can cause unnecessary disruption, which is why we have structured our operations to provide a reliable and responsive service. The positive feedback we receive continues to drive us to improve, allowing us to deliver high-level technical solutions across PTFE tapes and belting, alongside PU, PVC, modular systems & baler belts to support a wide and varied customer base.\",\"email\":\"sales@techbelt.com\",\"telephone\":\"+44(0) 1422 366 386\",\"legalName\":\"Techbelt Ltd\",\"foundingDate\":\"2002-05-08\",\"vatID\":\"796680368\",\"taxID\":\"4433656\",\"numberOfEmployees\":{\"@type\":\"QuantitativeValue\",\"minValue\":\"11\",\"maxValue\":\"50\"}}]}<\/script>\n<!-- \/ Yoast SEO Premium plugin. -->","yoast_head_json":{"title":"PTFE Klebeband","description":"Entdecken Sie erstklassige PTFE-Klebeb\u00e4nder von Techbelt \u2013 perfekt f\u00fcr extreme Temperaturen. Bestellen Sie jetzt f\u00fcr zuverl\u00e4ssige L\u00f6sungen!","robots":{"index":"index","follow":"follow","max-snippet":"max-snippet:-1","max-image-preview":"max-image-preview:large","max-video-preview":"max-video-preview:-1"},"canonical":"https:\/\/www.techbelt.com\/de\/ptfe-klebeband-2\/","og_locale":"de_DE","og_type":"article","og_title":"PTFE Klebeband","og_description":"Willkommen bei Techbelt - Ihrer ersten Anlaufstelle f\u00fcr leistungsstarke PTFE-Klebeband, die f\u00fcr ihre au\u00dfergew\u00f6hnlichen Freisetzungsmerkmale bei extremen","og_url":"https:\/\/www.techbelt.com\/de\/ptfe-klebeband-2\/","og_site_name":"Techbelt | Conveyor Belts | PTFE | Teflon Tape | PTFE Belting","article_publisher":"https:\/\/www.facebook.com\/techbeltuk\/","og_image":[{"url":"https:\/\/www.techbelt.com\/wp-content\/uploads\/2023\/06\/adheisve-tape-300x125.jpg","type":"","width":"","height":""}],"twitter_card":"summary_large_image","twitter_site":"@techbeltuk","twitter_misc":{"Gesch\u00e4tzte Lesezeit":"2\u00a0Minuten"},"schema":{"@context":"https:\/\/schema.org","@graph":[{"@type":"WebPage","@id":"https:\/\/www.techbelt.com\/de\/ptfe-klebeband-2\/","url":"https:\/\/www.techbelt.com\/de\/ptfe-klebeband-2\/","name":"PTFE Klebeband","isPartOf":{"@id":"https:\/\/www.techbelt.com\/de\/#website"},"primaryImageOfPage":{"@id":"https:\/\/www.techbelt.com\/de\/ptfe-klebeband-2\/#primaryimage"},"image":{"@id":"https:\/\/www.techbelt.com\/de\/ptfe-klebeband-2\/#primaryimage"},"thumbnailUrl":"https:\/\/www.techbelt.com\/wp-content\/uploads\/2023\/06\/adheisve-tape-300x125.jpg","datePublished":"2024-01-23T14:12:19+00:00","description":"Entdecken Sie erstklassige PTFE-Klebeb\u00e4nder von Techbelt \u2013 perfekt f\u00fcr extreme Temperaturen. Bestellen Sie jetzt f\u00fcr zuverl\u00e4ssige L\u00f6sungen!","breadcrumb":{"@id":"https:\/\/www.techbelt.com\/de\/ptfe-klebeband-2\/#breadcrumb"},"inLanguage":"de","potentialAction":[{"@type":"ReadAction","target":["https:\/\/www.techbelt.com\/de\/ptfe-klebeband-2\/"]}]},{"@type":"ImageObject","inLanguage":"de","@id":"https:\/\/www.techbelt.com\/de\/ptfe-klebeband-2\/#primaryimage","url":"https:\/\/www.techbelt.com\/wp-content\/uploads\/2023\/06\/adheisve-tape-300x125.jpg","contentUrl":"https:\/\/www.techbelt.com\/wp-content\/uploads\/2023\/06\/adheisve-tape-300x125.jpg"},{"@type":"BreadcrumbList","@id":"https:\/\/www.techbelt.com\/de\/ptfe-klebeband-2\/#breadcrumb","itemListElement":[{"@type":"ListItem","position":1,"name":"Home","item":"https:\/\/www.techbelt.com\/de\/"},{"@type":"ListItem","position":2,"name":"PTFE Klebeband"}]},{"@type":"WebSite","@id":"https:\/\/www.techbelt.com\/de\/#website","url":"https:\/\/www.techbelt.com\/de\/","name":"Techbelt | Conveyor Belts | PTFE | Teflon Tape | PTFE Belting","description":"Conveyor Belts - Global Manufacturer - Worldwide Shipping","publisher":{"@id":"https:\/\/www.techbelt.com\/de\/#organization"},"potentialAction":[{"@type":"SearchAction","target":{"@type":"EntryPoint","urlTemplate":"https:\/\/www.techbelt.com\/de\/?s={search_term_string}"},"query-input":{"@type":"PropertyValueSpecification","valueRequired":true,"valueName":"search_term_string"}}],"inLanguage":"de"},{"@type":"Organization","@id":"https:\/\/www.techbelt.com\/de\/#organization","name":"Techbelt Ltd","alternateName":"Techbelt","url":"https:\/\/www.techbelt.com\/de\/","logo":{"@type":"ImageObject","inLanguage":"de","@id":"https:\/\/www.techbelt.com\/de\/#\/schema\/logo\/image\/","url":"https:\/\/www.techbelt.com\/wp-content\/uploads\/2019\/05\/techbelt-icon.png","contentUrl":"https:\/\/www.techbelt.com\/wp-content\/uploads\/2019\/05\/techbelt-icon.png","width":512,"height":512,"caption":"Techbelt Ltd"},"image":{"@id":"https:\/\/www.techbelt.com\/de\/#\/schema\/logo\/image\/"},"sameAs":["https:\/\/www.facebook.com\/techbeltuk\/","https:\/\/x.com\/techbeltuk","https:\/\/mastodon.social\/@techbelt","https:\/\/www.instagram.com\/techbeltuk\/?hl=en","https:\/\/www.linkedin.com\/company\/techbelt\/","https:\/\/www.youtube.com\/channel\/UCLM7Z91fT9w3_CskdVYrtYQ"],"description":"Our core focus remains on delivering high-quality conveying solutions, supported by an extended range of conveyor belting options to meet broader application requirements. We are committed to ensuring our customers receive exactly what they need, quickly and efficiently. Delays in responses or extended lead times can cause unnecessary disruption, which is why we have structured our operations to provide a reliable and responsive service. The positive feedback we receive continues to drive us to improve, allowing us to deliver high-level technical solutions across PTFE tapes and belting, alongside PU, PVC, modular systems & baler belts to support a wide and varied customer base.","email":"sales@techbelt.com","telephone":"+44(0) 1422 366 386","legalName":"Techbelt Ltd","foundingDate":"2002-05-08","vatID":"796680368","taxID":"4433656","numberOfEmployees":{"@type":"QuantitativeValue","minValue":"11","maxValue":"50"}}]}},"_links":{"self":[{"href":"https:\/\/www.techbelt.com\/de\/wp-json\/wp\/v2\/pages\/38166","targetHints":{"allow":["GET"]}}],"collection":[{"href":"https:\/\/www.techbelt.com\/de\/wp-json\/wp\/v2\/pages"}],"about":[{"href":"https:\/\/www.techbelt.com\/de\/wp-json\/wp\/v2\/types\/page"}],"author":[{"embeddable":true,"href":"https:\/\/www.techbelt.com\/de\/wp-json\/wp\/v2\/users\/1"}],"replies":[{"embeddable":true,"href":"https:\/\/www.techbelt.com\/de\/wp-json\/wp\/v2\/comments?post=38166"}],"version-history":[{"count":1,"href":"https:\/\/www.techbelt.com\/de\/wp-json\/wp\/v2\/pages\/38166\/revisions"}],"predecessor-version":[{"id":38167,"href":"https:\/\/www.techbelt.com\/de\/wp-json\/wp\/v2\/pages\/38166\/revisions\/38167"}],"wp:attachment":[{"href":"https:\/\/www.techbelt.com\/de\/wp-json\/wp\/v2\/media?parent=38166"}],"curies":[{"name":"wp","href":"https:\/\/api.w.org\/{rel}","templated":true}]}}